{"id":4803,"date":"2024-06-23T16:37:46","date_gmt":"2024-06-23T14:37:46","guid":{"rendered":"https:\/\/lespucesdestju.fr\/?post_type=product&#038;p=4803"},"modified":"2024-07-18T12:09:48","modified_gmt":"2024-07-18T10:09:48","slug":"rare-chevrette-en-terre-cuite","status":"publish","type":"product","link":"https:\/\/lespucesdestju.fr\/?product=rare-chevrette-en-terre-cuite","title":{"rendered":"Rare chevrette en terre cuite"},"content":{"rendered":"<p><span style=\"font-weight: 400\">Rare chevrette en terre cuite \u00e0 gla\u00e7ure ocre jaune, \u00e0 anse et couvercle.<\/span><\/p>\n<p><span style=\"font-weight: 400\">Etat d\u2019usage et quelques \u00e9clats \u00e0 signaler. <\/span><\/p>\n<p><span style=\"font-weight: 400\">Fin 19\u00e8me.<\/span><\/p>\n<blockquote><p><i><span style=\"font-weight: 400\">Dimensions ( longueur x Largeur x Hauteur) et poids (Kg) : <\/span><\/i><b><i>voir informations compl\u00e9mentaires.<\/i><\/b><\/p><\/blockquote>\n","protected":false},"excerpt":{"rendered":"<p>Rare chevrette en terre cuite \u00e0 gla\u00e7ure ocre jaune, \u00e0 anse et couvercle. Etat d\u2019usage et quelques \u00e9clats \u00e0 signaler&#8230;.<\/p>\n","protected":false},"featured_media":4804,"comment_status":"open","ping_status":"closed","template":"","meta":[],"product_brand":[],"product_cat":[37,292],"product_tag":[61,270,60,95,80],"class_list":{"0":"post-4803","1":"product","2":"type-product","3":"status-publish","4":"has-post-thumbnail","6":"product_cat-decoration","7":"product_cat-vases-pots-et-contenants","8":"product_tag-ceramique","9":"product_tag-chevrette","10":"product_tag-decoration","11":"product_tag-pichet","12":"product_tag-terre-cuite","14":"first","15":"outofstock","16":"shipping-taxable","17":"purchasable","18":"product-type-simple"},"aioseo_notices":[],"jetpack_sharing_enabled":true,"_links":{"self":[{"href":"https:\/\/lespucesdestju.fr\/index.php?rest_route=\/wp\/v2\/product\/4803","targetHints":{"allow":["GET"]}}],"collection":[{"href":"https:\/\/lespucesdestju.fr\/index.php?rest_route=\/wp\/v2\/product"}],"about":[{"href":"https:\/\/lespucesdestju.fr\/index.php?rest_route=\/wp\/v2\/types\/product"}],"replies":[{"embeddable":true,"href":"https:\/\/lespucesdestju.fr\/index.php?rest_route=%2Fwp%2Fv2%2Fcomments&post=4803"}],"wp:featuredmedia":[{"embeddable":true,"href":"https:\/\/lespucesdestju.fr\/index.php?rest_route=\/wp\/v2\/media\/4804"}],"wp:attachment":[{"href":"https:\/\/lespucesdestju.fr\/index.php?rest_route=%2Fwp%2Fv2%2Fmedia&parent=4803"}],"wp:term":[{"taxonomy":"product_brand","embeddable":true,"href":"https:\/\/lespucesdestju.fr\/index.php?rest_route=%2Fwp%2Fv2%2Fproduct_brand&post=4803"},{"taxonomy":"product_cat","embeddable":true,"href":"https:\/\/lespucesdestju.fr\/index.php?rest_route=%2Fwp%2Fv2%2Fproduct_cat&post=4803"},{"taxonomy":"product_tag","embeddable":true,"href":"https:\/\/lespucesdestju.fr\/index.php?rest_route=%2Fwp%2Fv2%2Fproduct_tag&post=4803"}],"curies":[{"name":"wp","href":"https:\/\/api.w.org\/{rel}","templated":true}]}}