{"id":4797,"date":"2024-06-23T16:28:17","date_gmt":"2024-06-23T14:28:17","guid":{"rendered":"https:\/\/lespucesdestju.fr\/?post_type=product&#038;p=4797"},"modified":"2025-09-14T17:44:23","modified_gmt":"2025-09-14T15:44:23","slug":"plat-rond-en-cuivre-a-email-cloisonne-2","status":"publish","type":"product","link":"https:\/\/lespucesdestju.fr\/?product=plat-rond-en-cuivre-a-email-cloisonne-2","title":{"rendered":"Plat rond en cuivre \u00e0 \u00e9mail cloisonn\u00e9"},"content":{"rendered":"<p><span style=\"font-weight: 400\">Plat rond en cuivre \u00e0 \u00e9mail cloisonn\u00e9, \u00e0 d\u00e9cor de fleurs et oiseaux. <\/span><\/p>\n<p><span style=\"font-weight: 400\">Chine, moiti\u00e9 du XXieme\u00a0<\/span><\/p>\n<p><span style=\"font-weight: 400\">Bel \u00e9tat\u00a0<\/span><\/p>\n<blockquote><p><i><span style=\"font-weight: 400\">Dimensions ( longueur x Largeur x Hauteur) et poids (Kg) : <\/span><\/i><b><i>voir informations compl\u00e9mentaires.<\/i><\/b><\/p><\/blockquote>\n","protected":false},"excerpt":{"rendered":"<p>Plat rond en cuivre \u00e0 \u00e9mail cloisonn\u00e9, \u00e0 d\u00e9cor de fleurs et oiseaux. Chine, moiti\u00e9 du XXieme\u00a0 Bel \u00e9tat\u00a0 Dimensions&#8230;<\/p>\n","protected":false},"featured_media":4798,"comment_status":"open","ping_status":"closed","template":"","meta":[],"product_brand":[],"product_cat":[293,37],"product_tag":[134,60,136,140],"class_list":{"0":"post-4797","1":"product","2":"type-product","3":"status-publish","4":"has-post-thumbnail","6":"product_cat-coupes-plats-et-vide-poche","7":"product_cat-decoration","8":"product_tag-cuivre","9":"product_tag-decoration","10":"product_tag-email","11":"product_tag-plat","13":"first","14":"outofstock","15":"shipping-taxable","16":"purchasable","17":"product-type-simple"},"aioseo_notices":[],"jetpack_sharing_enabled":true,"_links":{"self":[{"href":"https:\/\/lespucesdestju.fr\/index.php?rest_route=\/wp\/v2\/product\/4797","targetHints":{"allow":["GET"]}}],"collection":[{"href":"https:\/\/lespucesdestju.fr\/index.php?rest_route=\/wp\/v2\/product"}],"about":[{"href":"https:\/\/lespucesdestju.fr\/index.php?rest_route=\/wp\/v2\/types\/product"}],"replies":[{"embeddable":true,"href":"https:\/\/lespucesdestju.fr\/index.php?rest_route=%2Fwp%2Fv2%2Fcomments&post=4797"}],"wp:featuredmedia":[{"embeddable":true,"href":"https:\/\/lespucesdestju.fr\/index.php?rest_route=\/wp\/v2\/media\/4798"}],"wp:attachment":[{"href":"https:\/\/lespucesdestju.fr\/index.php?rest_route=%2Fwp%2Fv2%2Fmedia&parent=4797"}],"wp:term":[{"taxonomy":"product_brand","embeddable":true,"href":"https:\/\/lespucesdestju.fr\/index.php?rest_route=%2Fwp%2Fv2%2Fproduct_brand&post=4797"},{"taxonomy":"product_cat","embeddable":true,"href":"https:\/\/lespucesdestju.fr\/index.php?rest_route=%2Fwp%2Fv2%2Fproduct_cat&post=4797"},{"taxonomy":"product_tag","embeddable":true,"href":"https:\/\/lespucesdestju.fr\/index.php?rest_route=%2Fwp%2Fv2%2Fproduct_tag&post=4797"}],"curies":[{"name":"wp","href":"https:\/\/api.w.org\/{rel}","templated":true}]}}