{"id":4752,"date":"2024-06-23T15:23:32","date_gmt":"2024-06-23T13:23:32","guid":{"rendered":"https:\/\/lespucesdestju.fr\/?post_type=product&#038;p=4752"},"modified":"2024-07-18T12:11:45","modified_gmt":"2024-07-18T10:11:45","slug":"pot-a-graisse-en-terre-cuite","status":"publish","type":"product","link":"https:\/\/lespucesdestju.fr\/?product=pot-a-graisse-en-terre-cuite","title":{"rendered":"Pot \u00e0 graisse en terre cuite"},"content":{"rendered":"<p><span style=\"font-weight: 400\">Pot \u00e0 graisse en terre cuite, \u00e0 anses, verniss\u00e9 jaune. 19ieme<\/span><\/p>\n<p><span style=\"font-weight: 400\">Sign\u00e9e R.M<\/span><\/p>\n<p><span style=\"font-weight: 400\">Bon \u00e9tat<\/span><\/p>\n<blockquote><p><i><span style=\"font-weight: 400\">Dimensions ( longueur x Largeur x Hauteur) et poids (Kg) : <\/span><\/i><b><i>voir informations compl\u00e9mentaires.<\/i><\/b><\/p><\/blockquote>\n","protected":false},"excerpt":{"rendered":"<p>Pot \u00e0 graisse en terre cuite, \u00e0 anses, verniss\u00e9 jaune. 19ieme Sign\u00e9e R.M Bon \u00e9tat Dimensions ( longueur x Largeur&#8230;<\/p>\n","protected":false},"featured_media":4753,"comment_status":"open","ping_status":"closed","template":"","meta":[],"product_brand":[],"product_cat":[37,292],"product_tag":[60,120,80],"class_list":{"0":"post-4752","1":"product","2":"type-product","3":"status-publish","4":"has-post-thumbnail","6":"product_cat-decoration","7":"product_cat-vases-pots-et-contenants","8":"product_tag-decoration","9":"product_tag-pot","10":"product_tag-terre-cuite","12":"first","13":"outofstock","14":"shipping-taxable","15":"purchasable","16":"product-type-simple"},"aioseo_notices":[],"jetpack_sharing_enabled":true,"_links":{"self":[{"href":"https:\/\/lespucesdestju.fr\/index.php?rest_route=\/wp\/v2\/product\/4752","targetHints":{"allow":["GET"]}}],"collection":[{"href":"https:\/\/lespucesdestju.fr\/index.php?rest_route=\/wp\/v2\/product"}],"about":[{"href":"https:\/\/lespucesdestju.fr\/index.php?rest_route=\/wp\/v2\/types\/product"}],"replies":[{"embeddable":true,"href":"https:\/\/lespucesdestju.fr\/index.php?rest_route=%2Fwp%2Fv2%2Fcomments&post=4752"}],"wp:featuredmedia":[{"embeddable":true,"href":"https:\/\/lespucesdestju.fr\/index.php?rest_route=\/wp\/v2\/media\/4753"}],"wp:attachment":[{"href":"https:\/\/lespucesdestju.fr\/index.php?rest_route=%2Fwp%2Fv2%2Fmedia&parent=4752"}],"wp:term":[{"taxonomy":"product_brand","embeddable":true,"href":"https:\/\/lespucesdestju.fr\/index.php?rest_route=%2Fwp%2Fv2%2Fproduct_brand&post=4752"},{"taxonomy":"product_cat","embeddable":true,"href":"https:\/\/lespucesdestju.fr\/index.php?rest_route=%2Fwp%2Fv2%2Fproduct_cat&post=4752"},{"taxonomy":"product_tag","embeddable":true,"href":"https:\/\/lespucesdestju.fr\/index.php?rest_route=%2Fwp%2Fv2%2Fproduct_tag&post=4752"}],"curies":[{"name":"wp","href":"https:\/\/api.w.org\/{rel}","templated":true}]}}