{"id":4683,"date":"2024-06-13T16:41:28","date_gmt":"2024-06-13T14:41:28","guid":{"rendered":"https:\/\/lespucesdestju.fr\/?post_type=product&#038;p=4683"},"modified":"2025-05-30T11:35:52","modified_gmt":"2025-05-30T09:35:52","slug":"grand-vase-lampe-art-deco","status":"publish","type":"product","link":"https:\/\/lespucesdestju.fr\/?product=grand-vase-lampe-art-deco","title":{"rendered":"Grand vase lampe Art D\u00e9co"},"content":{"rendered":"<p><span style=\"font-weight: 400;\">Grand vase lampe Art D\u00e9co \u201c Les Algues\u201d par Albert Laurent. <\/span><\/p>\n<p><span style=\"font-weight: 400;\">Biscuit blanc et rehauts \u00e0 dorure fine, en 2 parties, pour cette pi\u00e8ce \u00e9dit\u00e9e par la fabrique de la couleuvre \u00e0 Limoges.<\/span><\/p>\n<blockquote><p><i><span style=\"font-weight: 400;\">\u00a0Dimensions et poids pour une lampe abat-jour compris (voir infos compl\u00e9mentaires)<\/span><\/i><\/p><\/blockquote>\n<p>&nbsp;<\/p>\n<p>&nbsp;<\/p>\n","protected":false},"excerpt":{"rendered":"<p>Grand vase lampe Art D\u00e9co \u201c Les Algues\u201d par Albert Laurent. Biscuit blanc et rehauts \u00e0 dorure fine, en 2&#8230;<\/p>\n","protected":false},"featured_media":4684,"comment_status":"open","ping_status":"closed","template":"","meta":[],"product_brand":[],"product_cat":[46],"product_tag":[266,76,278,131],"class_list":{"0":"post-4683","1":"product","2":"type-product","3":"status-publish","4":"has-post-thumbnail","6":"product_cat-luminaires-et-eclairages","7":"product_tag-biscuit","8":"product_tag-lampe","9":"product_tag-lampe-vase","10":"product_tag-luminaire","12":"first","13":"instock","14":"shipping-taxable","15":"purchasable","16":"product-type-simple"},"aioseo_notices":[],"jetpack_sharing_enabled":true,"_links":{"self":[{"href":"https:\/\/lespucesdestju.fr\/index.php?rest_route=\/wp\/v2\/product\/4683","targetHints":{"allow":["GET"]}}],"collection":[{"href":"https:\/\/lespucesdestju.fr\/index.php?rest_route=\/wp\/v2\/product"}],"about":[{"href":"https:\/\/lespucesdestju.fr\/index.php?rest_route=\/wp\/v2\/types\/product"}],"replies":[{"embeddable":true,"href":"https:\/\/lespucesdestju.fr\/index.php?rest_route=%2Fwp%2Fv2%2Fcomments&post=4683"}],"wp:featuredmedia":[{"embeddable":true,"href":"https:\/\/lespucesdestju.fr\/index.php?rest_route=\/wp\/v2\/media\/4684"}],"wp:attachment":[{"href":"https:\/\/lespucesdestju.fr\/index.php?rest_route=%2Fwp%2Fv2%2Fmedia&parent=4683"}],"wp:term":[{"taxonomy":"product_brand","embeddable":true,"href":"https:\/\/lespucesdestju.fr\/index.php?rest_route=%2Fwp%2Fv2%2Fproduct_brand&post=4683"},{"taxonomy":"product_cat","embeddable":true,"href":"https:\/\/lespucesdestju.fr\/index.php?rest_route=%2Fwp%2Fv2%2Fproduct_cat&post=4683"},{"taxonomy":"product_tag","embeddable":true,"href":"https:\/\/lespucesdestju.fr\/index.php?rest_route=%2Fwp%2Fv2%2Fproduct_tag&post=4683"}],"curies":[{"name":"wp","href":"https:\/\/api.w.org\/{rel}","templated":true}]}}