{"id":4677,"date":"2024-06-13T16:36:01","date_gmt":"2024-06-13T14:36:01","guid":{"rendered":"https:\/\/lespucesdestju.fr\/?post_type=product&#038;p=4677"},"modified":"2024-07-18T12:12:40","modified_gmt":"2024-07-18T10:12:40","slug":"horloge-de-bureau","status":"publish","type":"product","link":"https:\/\/lespucesdestju.fr\/?product=horloge-de-bureau","title":{"rendered":"Horloge de bureau"},"content":{"rendered":"<p><span style=\"font-weight: 400;\">Horloge de bureau. Petite horloge de bureau, de style empire, \u00e0 d\u00e9cor d\u2019un aigle en bronze et m\u00e9canisme d\u2019horloge pris dans un sph\u00e8re en verre.<\/span><\/p>\n<p><span style=\"font-weight: 400;\"> Fin XIX\u00e8me\/ D\u00e9but XX\u00e8me.<\/span><\/p>\n<p><span style=\"font-weight: 400;\">Base en marbre br\u00e8che jaune. <\/span><\/p>\n<p><span style=\"font-weight: 400;\">La pendule ne fonctionne pas. Bon \u00e9tat g\u00e9n\u00e9ral.<\/span><\/p>\n<blockquote><p><i><span style=\"font-weight: 400;\">Dimensions ( longueur x Largeur x Hauteur) et poids (Kg) : <\/span><\/i><b><i>voir informations compl\u00e9mentaires.<\/i><\/b><\/p><\/blockquote>\n","protected":false},"excerpt":{"rendered":"<p>Horloge de bureau. Petite horloge de bureau, de style empire, \u00e0 d\u00e9cor d\u2019un aigle en bronze et m\u00e9canisme d\u2019horloge pris&#8230;<\/p>\n","protected":false},"featured_media":4678,"comment_status":"open","ping_status":"closed","template":"","meta":[],"product_brand":[],"product_cat":[37,47],"product_tag":[277,87,62,75],"class_list":{"0":"post-4677","1":"product","2":"type-product","3":"status-publish","4":"has-post-thumbnail","6":"product_cat-decoration","7":"product_cat-objets-divers-et-bibelots","8":"product_tag-horloge","9":"product_tag-marbre","10":"product_tag-metal","11":"product_tag-verre","13":"first","14":"instock","15":"shipping-taxable","16":"purchasable","17":"product-type-simple"},"aioseo_notices":[],"jetpack_sharing_enabled":true,"_links":{"self":[{"href":"https:\/\/lespucesdestju.fr\/index.php?rest_route=\/wp\/v2\/product\/4677","targetHints":{"allow":["GET"]}}],"collection":[{"href":"https:\/\/lespucesdestju.fr\/index.php?rest_route=\/wp\/v2\/product"}],"about":[{"href":"https:\/\/lespucesdestju.fr\/index.php?rest_route=\/wp\/v2\/types\/product"}],"replies":[{"embeddable":true,"href":"https:\/\/lespucesdestju.fr\/index.php?rest_route=%2Fwp%2Fv2%2Fcomments&post=4677"}],"wp:featuredmedia":[{"embeddable":true,"href":"https:\/\/lespucesdestju.fr\/index.php?rest_route=\/wp\/v2\/media\/4678"}],"wp:attachment":[{"href":"https:\/\/lespucesdestju.fr\/index.php?rest_route=%2Fwp%2Fv2%2Fmedia&parent=4677"}],"wp:term":[{"taxonomy":"product_brand","embeddable":true,"href":"https:\/\/lespucesdestju.fr\/index.php?rest_route=%2Fwp%2Fv2%2Fproduct_brand&post=4677"},{"taxonomy":"product_cat","embeddable":true,"href":"https:\/\/lespucesdestju.fr\/index.php?rest_route=%2Fwp%2Fv2%2Fproduct_cat&post=4677"},{"taxonomy":"product_tag","embeddable":true,"href":"https:\/\/lespucesdestju.fr\/index.php?rest_route=%2Fwp%2Fv2%2Fproduct_tag&post=4677"}],"curies":[{"name":"wp","href":"https:\/\/api.w.org\/{rel}","templated":true}]}}