{"id":4661,"date":"2024-06-05T13:04:24","date_gmt":"2024-06-05T11:04:24","guid":{"rendered":"https:\/\/lespucesdestju.fr\/?post_type=product&#038;p=4661"},"modified":"2025-04-25T16:04:19","modified_gmt":"2025-04-25T14:04:19","slug":"serviteur-a-3-compartiments-christofle","status":"publish","type":"product","link":"https:\/\/lespucesdestju.fr\/?product=serviteur-a-3-compartiments-christofle","title":{"rendered":"Serviteur \u00e0 3 compartiments Christofle"},"content":{"rendered":"<p><span style=\"font-weight: 400;\">Serviteur \u00e0 3 compartiments Christofle collection Gallia. Poin\u00e7on et inscriptions de l\u2019orf\u00e8vre. <\/span><\/p>\n<p><span style=\"font-weight: 400;\">Tr\u00e8s bon \u00e9tat.<\/span><\/p>\n<blockquote><p><i><span style=\"font-weight: 400;\">Dimensions ( longueur x Largeur x Hauteur) et poids (Kg) : <\/span><\/i><b><i>voir informations compl\u00e9mentaires.<\/i><\/b><\/p><\/blockquote>\n","protected":false},"excerpt":{"rendered":"<p>Serviteur \u00e0 3 compartiments Christofle collection Gallia. Poin\u00e7on et inscriptions de l\u2019orf\u00e8vre. Tr\u00e8s bon \u00e9tat. Dimensions ( longueur x Largeur&#8230;<\/p>\n","protected":false},"featured_media":4662,"comment_status":"open","ping_status":"closed","template":"","meta":[],"product_brand":[],"product_cat":[301,15],"product_tag":[66,273,112,274],"class_list":{"0":"post-4661","1":"product","2":"type-product","3":"status-publish","4":"has-post-thumbnail","6":"product_cat-accessoire-de-tables","7":"product_cat-art-de-la-table","8":"product_tag-art-de-la-table","9":"product_tag-christofle","10":"product_tag-metal-argente","11":"product_tag-serviteur","13":"first","14":"outofstock","15":"shipping-taxable","16":"product-type-simple"},"aioseo_notices":[],"jetpack_sharing_enabled":true,"_links":{"self":[{"href":"https:\/\/lespucesdestju.fr\/index.php?rest_route=\/wp\/v2\/product\/4661","targetHints":{"allow":["GET"]}}],"collection":[{"href":"https:\/\/lespucesdestju.fr\/index.php?rest_route=\/wp\/v2\/product"}],"about":[{"href":"https:\/\/lespucesdestju.fr\/index.php?rest_route=\/wp\/v2\/types\/product"}],"replies":[{"embeddable":true,"href":"https:\/\/lespucesdestju.fr\/index.php?rest_route=%2Fwp%2Fv2%2Fcomments&post=4661"}],"wp:featuredmedia":[{"embeddable":true,"href":"https:\/\/lespucesdestju.fr\/index.php?rest_route=\/wp\/v2\/media\/4662"}],"wp:attachment":[{"href":"https:\/\/lespucesdestju.fr\/index.php?rest_route=%2Fwp%2Fv2%2Fmedia&parent=4661"}],"wp:term":[{"taxonomy":"product_brand","embeddable":true,"href":"https:\/\/lespucesdestju.fr\/index.php?rest_route=%2Fwp%2Fv2%2Fproduct_brand&post=4661"},{"taxonomy":"product_cat","embeddable":true,"href":"https:\/\/lespucesdestju.fr\/index.php?rest_route=%2Fwp%2Fv2%2Fproduct_cat&post=4661"},{"taxonomy":"product_tag","embeddable":true,"href":"https:\/\/lespucesdestju.fr\/index.php?rest_route=%2Fwp%2Fv2%2Fproduct_tag&post=4661"}],"curies":[{"name":"wp","href":"https:\/\/api.w.org\/{rel}","templated":true}]}}