{"id":4585,"date":"2024-05-31T10:54:57","date_gmt":"2024-05-31T08:54:57","guid":{"rendered":"https:\/\/lespucesdestju.fr\/?post_type=product&#038;p=4585"},"modified":"2024-07-18T13:47:36","modified_gmt":"2024-07-18T11:47:36","slug":"huile-sur-panneau-signee-j-favre","status":"publish","type":"product","link":"https:\/\/lespucesdestju.fr\/?product=huile-sur-panneau-signee-j-favre","title":{"rendered":"Huile sur panneau, sign\u00e9e J.Favre"},"content":{"rendered":"<p><span style=\"font-weight: 400;\">Huile sur panneau, sign\u00e9e J.Favre. Bateaux \u00e0 quai sur un canal en centre ville. (1921-2000). <\/span><\/p>\n<p><span style=\"font-weight: 400;\">Non encadr\u00e9.<\/span><\/p>\n<blockquote><p>Toile : 46 cm x 38 cm<\/p><\/blockquote>\n","protected":false},"excerpt":{"rendered":"<p>Huile sur panneau, sign\u00e9e J.Favre. Bateaux \u00e0 quai sur un canal en centre ville. (1921-2000). Non encadr\u00e9. Toile : 46&#8230;<\/p>\n","protected":false},"featured_media":4589,"comment_status":"open","ping_status":"closed","template":"","meta":[],"product_brand":[],"product_cat":[50,306],"product_tag":[56,104,118],"class_list":{"0":"post-4585","1":"product","2":"type-product","3":"status-publish","4":"has-post-thumbnail","6":"product_cat-art","7":"product_cat-tableaux-et-peintures","8":"product_tag-art","9":"product_tag-huile-sur-panneau","10":"product_tag-marine","12":"first","13":"instock","14":"shipping-taxable","15":"purchasable","16":"product-type-simple"},"aioseo_notices":[],"jetpack_sharing_enabled":true,"_links":{"self":[{"href":"https:\/\/lespucesdestju.fr\/index.php?rest_route=\/wp\/v2\/product\/4585","targetHints":{"allow":["GET"]}}],"collection":[{"href":"https:\/\/lespucesdestju.fr\/index.php?rest_route=\/wp\/v2\/product"}],"about":[{"href":"https:\/\/lespucesdestju.fr\/index.php?rest_route=\/wp\/v2\/types\/product"}],"replies":[{"embeddable":true,"href":"https:\/\/lespucesdestju.fr\/index.php?rest_route=%2Fwp%2Fv2%2Fcomments&post=4585"}],"wp:featuredmedia":[{"embeddable":true,"href":"https:\/\/lespucesdestju.fr\/index.php?rest_route=\/wp\/v2\/media\/4589"}],"wp:attachment":[{"href":"https:\/\/lespucesdestju.fr\/index.php?rest_route=%2Fwp%2Fv2%2Fmedia&parent=4585"}],"wp:term":[{"taxonomy":"product_brand","embeddable":true,"href":"https:\/\/lespucesdestju.fr\/index.php?rest_route=%2Fwp%2Fv2%2Fproduct_brand&post=4585"},{"taxonomy":"product_cat","embeddable":true,"href":"https:\/\/lespucesdestju.fr\/index.php?rest_route=%2Fwp%2Fv2%2Fproduct_cat&post=4585"},{"taxonomy":"product_tag","embeddable":true,"href":"https:\/\/lespucesdestju.fr\/index.php?rest_route=%2Fwp%2Fv2%2Fproduct_tag&post=4585"}],"curies":[{"name":"wp","href":"https:\/\/api.w.org\/{rel}","templated":true}]}}