{"id":4576,"date":"2024-05-26T10:51:38","date_gmt":"2024-05-26T08:51:38","guid":{"rendered":"https:\/\/lespucesdestju.fr\/?post_type=product&#038;p=4576"},"modified":"2025-05-12T11:24:35","modified_gmt":"2025-05-12T09:24:35","slug":"boite-a-cigare-en-cuivre","status":"publish","type":"product","link":"https:\/\/lespucesdestju.fr\/?product=boite-a-cigare-en-cuivre","title":{"rendered":"Boite \u00e0 cigare en cuivre"},"content":{"rendered":"<p><span style=\"font-weight: 400\">Boite \u00e0 cigare en cuivre anciennement argent\u00e9e. <\/span><\/p>\n<p><span style=\"font-weight: 400\">Dessus du couvercle estamp\u00e9 et grav\u00e9 \u00e0 D\u00e9cor d\u2019une sc\u00e8ne galante. <\/span><\/p>\n<p><span style=\"font-weight: 400\">Int\u00e9rieur doubl\u00e9 bois ( acajou).<\/span><\/p>\n<p><span style=\"font-weight: 400\"> Etat d\u2019usage. D\u00e9sargent\u00e9 mais belle patine.\u00a0<\/span><\/p>\n<blockquote><p><i><span style=\"font-weight: 400\">Dimensions ( longueur x Largeur x Hauteur) et poids (Kg) : <\/span><\/i><b><i>voir informations compl\u00e9mentaires.<\/i><\/b><\/p><\/blockquote>\n","protected":false},"excerpt":{"rendered":"<p>Boite \u00e0 cigare en cuivre anciennement argent\u00e9e. Dessus du couvercle estamp\u00e9 et grav\u00e9 \u00e0 D\u00e9cor d\u2019une sc\u00e8ne galante. Int\u00e9rieur doubl\u00e9&#8230;<\/p>\n","protected":false},"featured_media":4579,"comment_status":"open","ping_status":"closed","template":"","meta":[],"product_brand":[],"product_cat":[294,37],"product_tag":[86,74,134,60],"class_list":{"0":"post-4576","1":"product","2":"type-product","3":"status-publish","4":"has-post-thumbnail","6":"product_cat-boites-et-coffrets","7":"product_cat-decoration","8":"product_tag-bois","9":"product_tag-boite","10":"product_tag-cuivre","11":"product_tag-decoration","13":"first","14":"instock","15":"shipping-taxable","16":"purchasable","17":"product-type-simple"},"aioseo_notices":[],"jetpack_sharing_enabled":true,"_links":{"self":[{"href":"https:\/\/lespucesdestju.fr\/index.php?rest_route=\/wp\/v2\/product\/4576","targetHints":{"allow":["GET"]}}],"collection":[{"href":"https:\/\/lespucesdestju.fr\/index.php?rest_route=\/wp\/v2\/product"}],"about":[{"href":"https:\/\/lespucesdestju.fr\/index.php?rest_route=\/wp\/v2\/types\/product"}],"replies":[{"embeddable":true,"href":"https:\/\/lespucesdestju.fr\/index.php?rest_route=%2Fwp%2Fv2%2Fcomments&post=4576"}],"wp:featuredmedia":[{"embeddable":true,"href":"https:\/\/lespucesdestju.fr\/index.php?rest_route=\/wp\/v2\/media\/4579"}],"wp:attachment":[{"href":"https:\/\/lespucesdestju.fr\/index.php?rest_route=%2Fwp%2Fv2%2Fmedia&parent=4576"}],"wp:term":[{"taxonomy":"product_brand","embeddable":true,"href":"https:\/\/lespucesdestju.fr\/index.php?rest_route=%2Fwp%2Fv2%2Fproduct_brand&post=4576"},{"taxonomy":"product_cat","embeddable":true,"href":"https:\/\/lespucesdestju.fr\/index.php?rest_route=%2Fwp%2Fv2%2Fproduct_cat&post=4576"},{"taxonomy":"product_tag","embeddable":true,"href":"https:\/\/lespucesdestju.fr\/index.php?rest_route=%2Fwp%2Fv2%2Fproduct_tag&post=4576"}],"curies":[{"name":"wp","href":"https:\/\/api.w.org\/{rel}","templated":true}]}}