{"id":4565,"date":"2024-05-26T10:37:29","date_gmt":"2024-05-26T08:37:29","guid":{"rendered":"https:\/\/lespucesdestju.fr\/?post_type=product&#038;p=4565"},"modified":"2026-02-04T17:26:44","modified_gmt":"2026-02-04T16:26:44","slug":"boite-napoleon-iii-2","status":"publish","type":"product","link":"https:\/\/lespucesdestju.fr\/?product=boite-napoleon-iii-2","title":{"rendered":"Bo\u00eete Napol\u00e9on III"},"content":{"rendered":"<p><span style=\"font-weight: 400\">Bo\u00eete Napol\u00e9on III, laqu\u00e9e noir, en carton bouilli. Sc\u00e8ne de guerriers chinois, dans des tons mordor\u00e9s. <\/span><\/p>\n<p><span style=\"font-weight: 400\">l\u00e9g\u00e8res usures au d\u00e9cor et sous la boite.<\/span><\/p>\n<blockquote><p><i><span style=\"font-weight: 400\">Dimensions ( longueur x Largeur x Hauteur) et poids (Kg) : <\/span><b>voir informations compl\u00e9mentaires.<\/b><\/i><\/p>\n<\/blockquote>\n","protected":false},"excerpt":{"rendered":"<p>Bo\u00eete Napol\u00e9on III, laqu\u00e9e noir, en carton bouilli. Sc\u00e8ne de guerriers chinois, dans des tons mordor\u00e9s. l\u00e9g\u00e8res usures au d\u00e9cor&#8230;<\/p>\n","protected":false},"featured_media":4566,"comment_status":"open","ping_status":"closed","template":"","meta":[],"product_brand":[],"product_cat":[294,37],"product_tag":[74,268,60,81],"class_list":{"0":"post-4565","1":"product","2":"type-product","3":"status-publish","4":"has-post-thumbnail","6":"product_cat-boites-et-coffrets","7":"product_cat-decoration","8":"product_tag-boite","9":"product_tag-carton-bouilli","10":"product_tag-decoration","11":"product_tag-napoleon-iii","13":"first","14":"outofstock","15":"shipping-taxable","16":"purchasable","17":"product-type-simple"},"aioseo_notices":[],"jetpack_sharing_enabled":true,"_links":{"self":[{"href":"https:\/\/lespucesdestju.fr\/index.php?rest_route=\/wp\/v2\/product\/4565","targetHints":{"allow":["GET"]}}],"collection":[{"href":"https:\/\/lespucesdestju.fr\/index.php?rest_route=\/wp\/v2\/product"}],"about":[{"href":"https:\/\/lespucesdestju.fr\/index.php?rest_route=\/wp\/v2\/types\/product"}],"replies":[{"embeddable":true,"href":"https:\/\/lespucesdestju.fr\/index.php?rest_route=%2Fwp%2Fv2%2Fcomments&post=4565"}],"wp:featuredmedia":[{"embeddable":true,"href":"https:\/\/lespucesdestju.fr\/index.php?rest_route=\/wp\/v2\/media\/4566"}],"wp:attachment":[{"href":"https:\/\/lespucesdestju.fr\/index.php?rest_route=%2Fwp%2Fv2%2Fmedia&parent=4565"}],"wp:term":[{"taxonomy":"product_brand","embeddable":true,"href":"https:\/\/lespucesdestju.fr\/index.php?rest_route=%2Fwp%2Fv2%2Fproduct_brand&post=4565"},{"taxonomy":"product_cat","embeddable":true,"href":"https:\/\/lespucesdestju.fr\/index.php?rest_route=%2Fwp%2Fv2%2Fproduct_cat&post=4565"},{"taxonomy":"product_tag","embeddable":true,"href":"https:\/\/lespucesdestju.fr\/index.php?rest_route=%2Fwp%2Fv2%2Fproduct_tag&post=4565"}],"curies":[{"name":"wp","href":"https:\/\/api.w.org\/{rel}","templated":true}]}}