{"id":4555,"date":"2024-05-26T10:26:33","date_gmt":"2024-05-26T08:26:33","guid":{"rendered":"https:\/\/lespucesdestju.fr\/?post_type=product&#038;p=4555"},"modified":"2024-07-18T12:13:54","modified_gmt":"2024-07-18T10:13:54","slug":"large-bol-en-gres","status":"publish","type":"product","link":"https:\/\/lespucesdestju.fr\/?product=large-bol-en-gres","title":{"rendered":"Large bol en gr\u00e8s"},"content":{"rendered":"<p><span style=\"font-weight: 400;\">Large bol en gr\u00e8s \u00e0 couverte brune. D\u00e9cor incis\u00e9 d\u2019une frise \u00e0 losanges\u00a0 \u201cFat Lava\u00a0\u00bb blancs.<\/span><\/p>\n<p><span style=\"font-weight: 400;\">Attribu\u00e9 \u00e0 Solange Slovie ( XX\u00e8me)<\/span><\/p>\n<blockquote><p><i><span style=\"font-weight: 400;\">Dimensions ( longueur x Largeur x Hauteur) et poids (Kg) : <\/span><\/i><b><i>voir informations compl\u00e9mentaires.<\/i><\/b><\/p><\/blockquote>\n","protected":false},"excerpt":{"rendered":"<p>Large bol en gr\u00e8s \u00e0 couverte brune. D\u00e9cor incis\u00e9 d\u2019une frise \u00e0 losanges\u00a0 \u201cFat Lava\u00a0\u00bb blancs. Attribu\u00e9 \u00e0 Solange Slovie&#8230;<\/p>\n","protected":false},"featured_media":4556,"comment_status":"open","ping_status":"closed","template":"","meta":[],"product_brand":[],"product_cat":[293,37],"product_tag":[267,60,133],"class_list":{"0":"post-4555","1":"product","2":"type-product","3":"status-publish","4":"has-post-thumbnail","6":"product_cat-coupes-plats-et-vide-poche","7":"product_cat-decoration","8":"product_tag-bol","9":"product_tag-decoration","10":"product_tag-gres","12":"first","13":"instock","14":"shipping-taxable","15":"purchasable","16":"product-type-simple"},"aioseo_notices":[],"jetpack_sharing_enabled":true,"_links":{"self":[{"href":"https:\/\/lespucesdestju.fr\/index.php?rest_route=\/wp\/v2\/product\/4555","targetHints":{"allow":["GET"]}}],"collection":[{"href":"https:\/\/lespucesdestju.fr\/index.php?rest_route=\/wp\/v2\/product"}],"about":[{"href":"https:\/\/lespucesdestju.fr\/index.php?rest_route=\/wp\/v2\/types\/product"}],"replies":[{"embeddable":true,"href":"https:\/\/lespucesdestju.fr\/index.php?rest_route=%2Fwp%2Fv2%2Fcomments&post=4555"}],"wp:featuredmedia":[{"embeddable":true,"href":"https:\/\/lespucesdestju.fr\/index.php?rest_route=\/wp\/v2\/media\/4556"}],"wp:attachment":[{"href":"https:\/\/lespucesdestju.fr\/index.php?rest_route=%2Fwp%2Fv2%2Fmedia&parent=4555"}],"wp:term":[{"taxonomy":"product_brand","embeddable":true,"href":"https:\/\/lespucesdestju.fr\/index.php?rest_route=%2Fwp%2Fv2%2Fproduct_brand&post=4555"},{"taxonomy":"product_cat","embeddable":true,"href":"https:\/\/lespucesdestju.fr\/index.php?rest_route=%2Fwp%2Fv2%2Fproduct_cat&post=4555"},{"taxonomy":"product_tag","embeddable":true,"href":"https:\/\/lespucesdestju.fr\/index.php?rest_route=%2Fwp%2Fv2%2Fproduct_tag&post=4555"}],"curies":[{"name":"wp","href":"https:\/\/api.w.org\/{rel}","templated":true}]}}