{"id":4539,"date":"2024-05-26T10:02:47","date_gmt":"2024-05-26T08:02:47","guid":{"rendered":"https:\/\/lespucesdestju.fr\/?post_type=product&#038;p=4539"},"modified":"2024-07-18T12:15:02","modified_gmt":"2024-07-18T10:15:02","slug":"petit-vase-quadrangulaire-en-gres","status":"publish","type":"product","link":"https:\/\/lespucesdestju.fr\/?product=petit-vase-quadrangulaire-en-gres","title":{"rendered":"Petit vase quadrangulaire en gr\u00e8s"},"content":{"rendered":"<p><span style=\"font-weight: 400;\">Petit vase quadrangulaire en gr\u00e8s \u00e0 gla\u00e7ure 2 tons Havane flamm\u00e9s et l\u00e9g\u00e8rement m\u00e9tallis\u00e9s. <\/span><\/p>\n<p><span style=\"font-weight: 400;\">Sign\u00e9 sous la base. Deuxi\u00e8me Moiti\u00e9 du XX\u00e8me.<\/span><\/p>\n<blockquote><p><i><span style=\"font-weight: 400;\">Dimensions ( longueur x Largeur x Hauteur) et poids (Kg) : <\/span><\/i><b><i>voir informations compl\u00e9mentaires.<\/i><\/b><\/p><\/blockquote>\n","protected":false},"excerpt":{"rendered":"<p>Petit vase quadrangulaire en gr\u00e8s \u00e0 gla\u00e7ure 2 tons Havane flamm\u00e9s et l\u00e9g\u00e8rement m\u00e9tallis\u00e9s. Sign\u00e9 sous la base. Deuxi\u00e8me Moiti\u00e9&#8230;<\/p>\n","protected":false},"featured_media":4543,"comment_status":"open","ping_status":"closed","template":"","meta":[],"product_brand":[],"product_cat":[37,292],"product_tag":[60,133,59],"class_list":{"0":"post-4539","1":"product","2":"type-product","3":"status-publish","4":"has-post-thumbnail","6":"product_cat-decoration","7":"product_cat-vases-pots-et-contenants","8":"product_tag-decoration","9":"product_tag-gres","10":"product_tag-vase","12":"first","13":"instock","14":"shipping-taxable","15":"purchasable","16":"product-type-simple"},"aioseo_notices":[],"jetpack_sharing_enabled":true,"_links":{"self":[{"href":"https:\/\/lespucesdestju.fr\/index.php?rest_route=\/wp\/v2\/product\/4539","targetHints":{"allow":["GET"]}}],"collection":[{"href":"https:\/\/lespucesdestju.fr\/index.php?rest_route=\/wp\/v2\/product"}],"about":[{"href":"https:\/\/lespucesdestju.fr\/index.php?rest_route=\/wp\/v2\/types\/product"}],"replies":[{"embeddable":true,"href":"https:\/\/lespucesdestju.fr\/index.php?rest_route=%2Fwp%2Fv2%2Fcomments&post=4539"}],"wp:featuredmedia":[{"embeddable":true,"href":"https:\/\/lespucesdestju.fr\/index.php?rest_route=\/wp\/v2\/media\/4543"}],"wp:attachment":[{"href":"https:\/\/lespucesdestju.fr\/index.php?rest_route=%2Fwp%2Fv2%2Fmedia&parent=4539"}],"wp:term":[{"taxonomy":"product_brand","embeddable":true,"href":"https:\/\/lespucesdestju.fr\/index.php?rest_route=%2Fwp%2Fv2%2Fproduct_brand&post=4539"},{"taxonomy":"product_cat","embeddable":true,"href":"https:\/\/lespucesdestju.fr\/index.php?rest_route=%2Fwp%2Fv2%2Fproduct_cat&post=4539"},{"taxonomy":"product_tag","embeddable":true,"href":"https:\/\/lespucesdestju.fr\/index.php?rest_route=%2Fwp%2Fv2%2Fproduct_tag&post=4539"}],"curies":[{"name":"wp","href":"https:\/\/api.w.org\/{rel}","templated":true}]}}