{"id":4485,"date":"2024-05-16T15:40:49","date_gmt":"2024-05-16T13:40:49","guid":{"rendered":"https:\/\/lespucesdestju.fr\/?post_type=product&#038;p=4485"},"modified":"2024-07-18T13:48:03","modified_gmt":"2024-07-18T11:48:03","slug":"huile-sur-toile-fin-19eme","status":"publish","type":"product","link":"https:\/\/lespucesdestju.fr\/?product=huile-sur-toile-fin-19eme","title":{"rendered":"Huile sur toile fin 19\u00e8me"},"content":{"rendered":"<p><span style=\"font-weight: 400;\">Huile sur toile fin 19\u00e8me, d\u00e9but 20\u00e8me.Non sign\u00e9e. Paysage de landes, de taillis et pins maritimes. Un personnage semble nous observer, elle m\u00eame dans l&rsquo;ombre d\u2019un grand pin. Des couleurs vives, une v\u00e9g\u00e9tation \u00e9paisse sugg\u00e9rant arbousiers, ajoncs et bruy\u00e8res, dans le quasi contre jour d\u2019un ciel tr\u00e8s lumineux de fin d\u2019apr\u00e8s-midi. Le tout trait\u00e9 en petites touches. A signaler, quelques manques de couche picturale.<\/span><\/p>\n<blockquote><p><span style=\"font-weight: 400;\">Cadre : 69,5 cm x 81,5 cm\u00a0<\/span><\/p>\n<p><span style=\"font-weight: 400;\">Toile : 52 cm x 63 cm\u00a0<\/span><\/p><\/blockquote>\n","protected":false},"excerpt":{"rendered":"<p>Huile sur toile fin 19\u00e8me, d\u00e9but 20\u00e8me.Non sign\u00e9e. Paysage de landes, de taillis et pins maritimes. Un personnage semble nous&#8230;<\/p>\n","protected":false},"featured_media":4490,"comment_status":"open","ping_status":"closed","template":"","meta":[],"product_brand":[],"product_cat":[50,306],"product_tag":[56,265,97,101],"class_list":{"0":"post-4485","1":"product","2":"type-product","3":"status-publish","4":"has-post-thumbnail","6":"product_cat-art","7":"product_cat-tableaux-et-peintures","8":"product_tag-art","9":"product_tag-ecole-impressionniste","10":"product_tag-huile-sur-toile","11":"product_tag-tableau","13":"first","14":"instock","15":"shipping-taxable","16":"purchasable","17":"product-type-simple"},"aioseo_notices":[],"jetpack_sharing_enabled":true,"_links":{"self":[{"href":"https:\/\/lespucesdestju.fr\/index.php?rest_route=\/wp\/v2\/product\/4485","targetHints":{"allow":["GET"]}}],"collection":[{"href":"https:\/\/lespucesdestju.fr\/index.php?rest_route=\/wp\/v2\/product"}],"about":[{"href":"https:\/\/lespucesdestju.fr\/index.php?rest_route=\/wp\/v2\/types\/product"}],"replies":[{"embeddable":true,"href":"https:\/\/lespucesdestju.fr\/index.php?rest_route=%2Fwp%2Fv2%2Fcomments&post=4485"}],"wp:featuredmedia":[{"embeddable":true,"href":"https:\/\/lespucesdestju.fr\/index.php?rest_route=\/wp\/v2\/media\/4490"}],"wp:attachment":[{"href":"https:\/\/lespucesdestju.fr\/index.php?rest_route=%2Fwp%2Fv2%2Fmedia&parent=4485"}],"wp:term":[{"taxonomy":"product_brand","embeddable":true,"href":"https:\/\/lespucesdestju.fr\/index.php?rest_route=%2Fwp%2Fv2%2Fproduct_brand&post=4485"},{"taxonomy":"product_cat","embeddable":true,"href":"https:\/\/lespucesdestju.fr\/index.php?rest_route=%2Fwp%2Fv2%2Fproduct_cat&post=4485"},{"taxonomy":"product_tag","embeddable":true,"href":"https:\/\/lespucesdestju.fr\/index.php?rest_route=%2Fwp%2Fv2%2Fproduct_tag&post=4485"}],"curies":[{"name":"wp","href":"https:\/\/api.w.org\/{rel}","templated":true}]}}