{"id":4453,"date":"2024-05-15T10:51:46","date_gmt":"2024-05-15T08:51:46","guid":{"rendered":"https:\/\/lespucesdestju.fr\/?post_type=product&#038;p=4453"},"modified":"2024-07-18T12:15:53","modified_gmt":"2024-07-18T10:15:53","slug":"petit-vase-en-gres-art-nouveau","status":"publish","type":"product","link":"https:\/\/lespucesdestju.fr\/?product=petit-vase-en-gres-art-nouveau","title":{"rendered":"Petit vase en gr\u00e8s art nouveau"},"content":{"rendered":"<p><span style=\"font-weight: 400;\">Petit vase en gr\u00e8s art nouveau, \u00e0 couverture bleue. <\/span><\/p>\n<p><span style=\"font-weight: 400;\">Sign\u00e9 JEB Sous la base. <\/span><\/p>\n<p><span style=\"font-weight: 400;\">Un f\u00eale \u00e0 signaler.<\/span><\/p>\n<blockquote><p><i><span style=\"font-weight: 400;\">Dimensions ( longueur x Largeur x Hauteur) et poids (Kg) : <\/span><\/i><b><i>voir informations compl\u00e9mentaires.<\/i><\/b><\/p><\/blockquote>\n","protected":false},"excerpt":{"rendered":"<p>Petit vase en gr\u00e8s art nouveau, \u00e0 couverture bleue. Sign\u00e9 JEB Sous la base. Un f\u00eale \u00e0 signaler. Dimensions (&#8230;<\/p>\n","protected":false},"featured_media":4454,"comment_status":"open","ping_status":"closed","template":"","meta":[],"product_brand":[],"product_cat":[37,292],"product_tag":[113,90,60,133,59],"class_list":{"0":"post-4453","1":"product","2":"type-product","3":"status-publish","4":"has-post-thumbnail","6":"product_cat-decoration","7":"product_cat-vases-pots-et-contenants","8":"product_tag-art-deco","9":"product_tag-art-nouveau","10":"product_tag-decoration","11":"product_tag-gres","12":"product_tag-vase","14":"first","15":"instock","16":"shipping-taxable","17":"purchasable","18":"product-type-simple"},"aioseo_notices":[],"jetpack_sharing_enabled":true,"_links":{"self":[{"href":"https:\/\/lespucesdestju.fr\/index.php?rest_route=\/wp\/v2\/product\/4453","targetHints":{"allow":["GET"]}}],"collection":[{"href":"https:\/\/lespucesdestju.fr\/index.php?rest_route=\/wp\/v2\/product"}],"about":[{"href":"https:\/\/lespucesdestju.fr\/index.php?rest_route=\/wp\/v2\/types\/product"}],"replies":[{"embeddable":true,"href":"https:\/\/lespucesdestju.fr\/index.php?rest_route=%2Fwp%2Fv2%2Fcomments&post=4453"}],"wp:featuredmedia":[{"embeddable":true,"href":"https:\/\/lespucesdestju.fr\/index.php?rest_route=\/wp\/v2\/media\/4454"}],"wp:attachment":[{"href":"https:\/\/lespucesdestju.fr\/index.php?rest_route=%2Fwp%2Fv2%2Fmedia&parent=4453"}],"wp:term":[{"taxonomy":"product_brand","embeddable":true,"href":"https:\/\/lespucesdestju.fr\/index.php?rest_route=%2Fwp%2Fv2%2Fproduct_brand&post=4453"},{"taxonomy":"product_cat","embeddable":true,"href":"https:\/\/lespucesdestju.fr\/index.php?rest_route=%2Fwp%2Fv2%2Fproduct_cat&post=4453"},{"taxonomy":"product_tag","embeddable":true,"href":"https:\/\/lespucesdestju.fr\/index.php?rest_route=%2Fwp%2Fv2%2Fproduct_tag&post=4453"}],"curies":[{"name":"wp","href":"https:\/\/api.w.org\/{rel}","templated":true}]}}