{"id":4448,"date":"2024-05-15T10:47:23","date_gmt":"2024-05-15T08:47:23","guid":{"rendered":"https:\/\/lespucesdestju.fr\/?post_type=product&#038;p=4448"},"modified":"2024-07-18T12:15:59","modified_gmt":"2024-07-18T10:15:59","slug":"petit-vase-a-panse-en-gres","status":"publish","type":"product","link":"https:\/\/lespucesdestju.fr\/?product=petit-vase-a-panse-en-gres","title":{"rendered":"Petit vase \u00e0 panse en gr\u00e8s"},"content":{"rendered":"<p><span style=\"font-weight: 400;\">Petit vase \u00e0 panse en gr\u00e8s de Ramberviller par Alphonse Cyt\u00e8re (1861-1941). <\/span><\/p>\n<p><span style=\"font-weight: 400;\">Belle gla\u00e7ure \u00e0 nuances bleut\u00e9es et turquoise m\u00e9tallis\u00e9es.\u00a0 <\/span><\/p>\n<p><span style=\"font-weight: 400;\">Bon \u00e9tat.\u00a0<\/span><\/p>\n<blockquote><p><i><span style=\"font-weight: 400;\">Dimensions ( longueur x Largeur x Hauteur) et poids (Kg) : <\/span><\/i><b><i>voir informations compl\u00e9mentaires.<\/i><\/b><\/p><\/blockquote>\n","protected":false},"excerpt":{"rendered":"<p>Petit vase \u00e0 panse en gr\u00e8s de Ramberviller par Alphonse Cyt\u00e8re (1861-1941). Belle gla\u00e7ure \u00e0 nuances bleut\u00e9es et turquoise m\u00e9tallis\u00e9es.\u00a0&#8230;<\/p>\n","protected":false},"featured_media":4449,"comment_status":"open","ping_status":"closed","template":"","meta":[],"product_brand":[],"product_cat":[37,292],"product_tag":[60,133,59],"class_list":{"0":"post-4448","1":"product","2":"type-product","3":"status-publish","4":"has-post-thumbnail","6":"product_cat-decoration","7":"product_cat-vases-pots-et-contenants","8":"product_tag-decoration","9":"product_tag-gres","10":"product_tag-vase","12":"first","13":"instock","14":"shipping-taxable","15":"purchasable","16":"product-type-simple"},"aioseo_notices":[],"jetpack_sharing_enabled":true,"_links":{"self":[{"href":"https:\/\/lespucesdestju.fr\/index.php?rest_route=\/wp\/v2\/product\/4448","targetHints":{"allow":["GET"]}}],"collection":[{"href":"https:\/\/lespucesdestju.fr\/index.php?rest_route=\/wp\/v2\/product"}],"about":[{"href":"https:\/\/lespucesdestju.fr\/index.php?rest_route=\/wp\/v2\/types\/product"}],"replies":[{"embeddable":true,"href":"https:\/\/lespucesdestju.fr\/index.php?rest_route=%2Fwp%2Fv2%2Fcomments&post=4448"}],"wp:featuredmedia":[{"embeddable":true,"href":"https:\/\/lespucesdestju.fr\/index.php?rest_route=\/wp\/v2\/media\/4449"}],"wp:attachment":[{"href":"https:\/\/lespucesdestju.fr\/index.php?rest_route=%2Fwp%2Fv2%2Fmedia&parent=4448"}],"wp:term":[{"taxonomy":"product_brand","embeddable":true,"href":"https:\/\/lespucesdestju.fr\/index.php?rest_route=%2Fwp%2Fv2%2Fproduct_brand&post=4448"},{"taxonomy":"product_cat","embeddable":true,"href":"https:\/\/lespucesdestju.fr\/index.php?rest_route=%2Fwp%2Fv2%2Fproduct_cat&post=4448"},{"taxonomy":"product_tag","embeddable":true,"href":"https:\/\/lespucesdestju.fr\/index.php?rest_route=%2Fwp%2Fv2%2Fproduct_tag&post=4448"}],"curies":[{"name":"wp","href":"https:\/\/api.w.org\/{rel}","templated":true}]}}