{"id":4422,"date":"2024-05-15T10:08:21","date_gmt":"2024-05-15T08:08:21","guid":{"rendered":"https:\/\/lespucesdestju.fr\/?post_type=product&#038;p=4422"},"modified":"2024-07-18T12:16:35","modified_gmt":"2024-07-18T10:16:35","slug":"porte-lettre-photo-en-metal-argente","status":"publish","type":"product","link":"https:\/\/lespucesdestju.fr\/?product=porte-lettre-photo-en-metal-argente","title":{"rendered":"Porte lettre\/photo en m\u00e9tal argent\u00e9"},"content":{"rendered":"<p><span style=\"font-weight: 400;\">Porte lettre\/photo en m\u00e9tal argent\u00e9 avec petit cheval en m\u00e9tal argent\u00e9.<\/span><\/p>\n<p><span style=\"font-weight: 400;\"> L\u00e9g\u00e8res oxydations<\/span><\/p>\n<blockquote><p><i><span style=\"font-weight: 400;\">Dimensions ( longueur x Largeur x Hauteur) et poids (Kg) : <\/span><\/i><b><i>voir informations compl\u00e9mentaires.<\/i><\/b><\/p><\/blockquote>\n","protected":false},"excerpt":{"rendered":"<p>Porte lettre\/photo en m\u00e9tal argent\u00e9 avec petit cheval en m\u00e9tal argent\u00e9. L\u00e9g\u00e8res oxydations Dimensions ( longueur x Largeur x Hauteur)&#8230;<\/p>\n","protected":false},"featured_media":4423,"comment_status":"open","ping_status":"closed","template":"","meta":[],"product_brand":[],"product_cat":[37,47],"product_tag":[60,112,227],"class_list":{"0":"post-4422","1":"product","2":"type-product","3":"status-publish","4":"has-post-thumbnail","6":"product_cat-decoration","7":"product_cat-objets-divers-et-bibelots","8":"product_tag-decoration","9":"product_tag-metal-argente","10":"product_tag-porte-photo","12":"first","13":"instock","14":"shipping-taxable","15":"purchasable","16":"product-type-simple"},"aioseo_notices":[],"jetpack_sharing_enabled":true,"_links":{"self":[{"href":"https:\/\/lespucesdestju.fr\/index.php?rest_route=\/wp\/v2\/product\/4422","targetHints":{"allow":["GET"]}}],"collection":[{"href":"https:\/\/lespucesdestju.fr\/index.php?rest_route=\/wp\/v2\/product"}],"about":[{"href":"https:\/\/lespucesdestju.fr\/index.php?rest_route=\/wp\/v2\/types\/product"}],"replies":[{"embeddable":true,"href":"https:\/\/lespucesdestju.fr\/index.php?rest_route=%2Fwp%2Fv2%2Fcomments&post=4422"}],"wp:featuredmedia":[{"embeddable":true,"href":"https:\/\/lespucesdestju.fr\/index.php?rest_route=\/wp\/v2\/media\/4423"}],"wp:attachment":[{"href":"https:\/\/lespucesdestju.fr\/index.php?rest_route=%2Fwp%2Fv2%2Fmedia&parent=4422"}],"wp:term":[{"taxonomy":"product_brand","embeddable":true,"href":"https:\/\/lespucesdestju.fr\/index.php?rest_route=%2Fwp%2Fv2%2Fproduct_brand&post=4422"},{"taxonomy":"product_cat","embeddable":true,"href":"https:\/\/lespucesdestju.fr\/index.php?rest_route=%2Fwp%2Fv2%2Fproduct_cat&post=4422"},{"taxonomy":"product_tag","embeddable":true,"href":"https:\/\/lespucesdestju.fr\/index.php?rest_route=%2Fwp%2Fv2%2Fproduct_tag&post=4422"}],"curies":[{"name":"wp","href":"https:\/\/api.w.org\/{rel}","templated":true}]}}