{"id":4412,"date":"2024-05-15T09:56:39","date_gmt":"2024-05-15T07:56:39","guid":{"rendered":"https:\/\/lespucesdestju.fr\/?post_type=product&#038;p=4412"},"modified":"2026-01-04T17:13:09","modified_gmt":"2026-01-04T16:13:09","slug":"ancienne-boite-a-cigarette","status":"publish","type":"product","link":"https:\/\/lespucesdestju.fr\/?product=ancienne-boite-a-cigarette","title":{"rendered":"Ancienne bo\u00eete \u00e0 cigarette"},"content":{"rendered":"<p><span style=\"font-weight: 400;\">Ancienne bo\u00eete \u00e0 cigarette en m\u00e9tal argent\u00e9 \u00e0 d\u00e9cor cisel\u00e9 de feuilles, int\u00e9rieur incurv\u00e9.<\/span><\/p>\n<p><span style=\"font-weight: 400;\">vers 1950.\u00a0<\/span><\/p>\n<p><span style=\"font-weight: 400;\">Traces d\u2019usages\u00a0<\/span><\/p>\n","protected":false},"excerpt":{"rendered":"<p>Ancienne bo\u00eete \u00e0 cigarette en m\u00e9tal argent\u00e9 \u00e0 d\u00e9cor cisel\u00e9 de feuilles, int\u00e9rieur incurv\u00e9. vers 1950.\u00a0 Traces d\u2019usages\u00a0<\/p>\n","protected":false},"featured_media":4415,"comment_status":"open","ping_status":"closed","template":"","meta":[],"product_brand":[],"product_cat":[294,37],"product_tag":[74,60,112],"class_list":{"0":"post-4412","1":"product","2":"type-product","3":"status-publish","4":"has-post-thumbnail","6":"product_cat-boites-et-coffrets","7":"product_cat-decoration","8":"product_tag-boite","9":"product_tag-decoration","10":"product_tag-metal-argente","12":"first","13":"outofstock","14":"shipping-taxable","15":"purchasable","16":"product-type-simple"},"aioseo_notices":[],"jetpack_sharing_enabled":true,"_links":{"self":[{"href":"https:\/\/lespucesdestju.fr\/index.php?rest_route=\/wp\/v2\/product\/4412","targetHints":{"allow":["GET"]}}],"collection":[{"href":"https:\/\/lespucesdestju.fr\/index.php?rest_route=\/wp\/v2\/product"}],"about":[{"href":"https:\/\/lespucesdestju.fr\/index.php?rest_route=\/wp\/v2\/types\/product"}],"replies":[{"embeddable":true,"href":"https:\/\/lespucesdestju.fr\/index.php?rest_route=%2Fwp%2Fv2%2Fcomments&post=4412"}],"wp:featuredmedia":[{"embeddable":true,"href":"https:\/\/lespucesdestju.fr\/index.php?rest_route=\/wp\/v2\/media\/4415"}],"wp:attachment":[{"href":"https:\/\/lespucesdestju.fr\/index.php?rest_route=%2Fwp%2Fv2%2Fmedia&parent=4412"}],"wp:term":[{"taxonomy":"product_brand","embeddable":true,"href":"https:\/\/lespucesdestju.fr\/index.php?rest_route=%2Fwp%2Fv2%2Fproduct_brand&post=4412"},{"taxonomy":"product_cat","embeddable":true,"href":"https:\/\/lespucesdestju.fr\/index.php?rest_route=%2Fwp%2Fv2%2Fproduct_cat&post=4412"},{"taxonomy":"product_tag","embeddable":true,"href":"https:\/\/lespucesdestju.fr\/index.php?rest_route=%2Fwp%2Fv2%2Fproduct_tag&post=4412"}],"curies":[{"name":"wp","href":"https:\/\/api.w.org\/{rel}","templated":true}]}}