{"id":4406,"date":"2024-05-15T09:52:45","date_gmt":"2024-05-15T07:52:45","guid":{"rendered":"https:\/\/lespucesdestju.fr\/?post_type=product&#038;p=4406"},"modified":"2024-07-18T12:16:54","modified_gmt":"2024-07-18T10:16:54","slug":"boite-en-metal-argente-a-bijoux-cigarette","status":"publish","type":"product","link":"https:\/\/lespucesdestju.fr\/?product=boite-en-metal-argente-a-bijoux-cigarette","title":{"rendered":"Bo\u00eete en m\u00e9tal argent\u00e9 \u00e0 bijoux \/ cigarette"},"content":{"rendered":"<p>Bo\u00eete en m\u00e9tal argent\u00e9 \u00e0 bijoux \/ cigarette.<\/p>\n<p><span style=\"font-weight: 400;\">Traces d&rsquo;oxydation sur le dessus du couvercle.<\/span><\/p>\n<p><span style=\"font-weight: 400;\">Int\u00e9rieur bois.\u00a0<\/span><\/p>\n<blockquote><p><i><span style=\"font-weight: 400;\">Dimensions ( longueur x Largeur x Hauteur) et poids (Kg) : <\/span><\/i><b><i>voir informations compl\u00e9mentaires.<\/i><\/b><\/p><\/blockquote>\n<p>&nbsp;<\/p>\n","protected":false},"excerpt":{"rendered":"<p>Bo\u00eete en m\u00e9tal argent\u00e9 \u00e0 bijoux \/ cigarette. Traces d&rsquo;oxydation sur le dessus du couvercle. Int\u00e9rieur bois.\u00a0 Dimensions ( longueur&#8230;<\/p>\n","protected":false},"featured_media":4407,"comment_status":"open","ping_status":"closed","template":"","meta":[],"product_brand":[],"product_cat":[294,37],"product_tag":[74,200,60,112],"class_list":{"0":"post-4406","1":"product","2":"type-product","3":"status-publish","4":"has-post-thumbnail","6":"product_cat-boites-et-coffrets","7":"product_cat-decoration","8":"product_tag-boite","9":"product_tag-boite-a-bijoux","10":"product_tag-decoration","11":"product_tag-metal-argente","13":"first","14":"instock","15":"shipping-taxable","16":"purchasable","17":"product-type-simple"},"aioseo_notices":[],"jetpack_sharing_enabled":true,"_links":{"self":[{"href":"https:\/\/lespucesdestju.fr\/index.php?rest_route=\/wp\/v2\/product\/4406","targetHints":{"allow":["GET"]}}],"collection":[{"href":"https:\/\/lespucesdestju.fr\/index.php?rest_route=\/wp\/v2\/product"}],"about":[{"href":"https:\/\/lespucesdestju.fr\/index.php?rest_route=\/wp\/v2\/types\/product"}],"replies":[{"embeddable":true,"href":"https:\/\/lespucesdestju.fr\/index.php?rest_route=%2Fwp%2Fv2%2Fcomments&post=4406"}],"wp:featuredmedia":[{"embeddable":true,"href":"https:\/\/lespucesdestju.fr\/index.php?rest_route=\/wp\/v2\/media\/4407"}],"wp:attachment":[{"href":"https:\/\/lespucesdestju.fr\/index.php?rest_route=%2Fwp%2Fv2%2Fmedia&parent=4406"}],"wp:term":[{"taxonomy":"product_brand","embeddable":true,"href":"https:\/\/lespucesdestju.fr\/index.php?rest_route=%2Fwp%2Fv2%2Fproduct_brand&post=4406"},{"taxonomy":"product_cat","embeddable":true,"href":"https:\/\/lespucesdestju.fr\/index.php?rest_route=%2Fwp%2Fv2%2Fproduct_cat&post=4406"},{"taxonomy":"product_tag","embeddable":true,"href":"https:\/\/lespucesdestju.fr\/index.php?rest_route=%2Fwp%2Fv2%2Fproduct_tag&post=4406"}],"curies":[{"name":"wp","href":"https:\/\/api.w.org\/{rel}","templated":true}]}}