{"id":4400,"date":"2024-05-15T09:47:09","date_gmt":"2024-05-15T07:47:09","guid":{"rendered":"https:\/\/lespucesdestju.fr\/?post_type=product&#038;p=4400"},"modified":"2024-07-18T12:41:26","modified_gmt":"2024-07-18T10:41:26","slug":"service-a-liqueur-art-nouveau","status":"publish","type":"product","link":"https:\/\/lespucesdestju.fr\/?product=service-a-liqueur-art-nouveau","title":{"rendered":"Service \u00e0 liqueur Art Nouveau"},"content":{"rendered":"<p><span style=\"font-weight: 400;\">Service \u00e0 liqueur Art Nouveau en m\u00e9tal argent\u00e9 Gallia par Christofle. <\/span><\/p>\n<p><span style=\"font-weight: 400;\">Long et fin plateau avec ses 6 petits gobelets en cristal et leur monture en m\u00e9tal argent\u00e9. Poin\u00e7ons Gallia.<\/span><\/p>\n<p><span style=\"font-weight: 400;\">Traces d\u2019usures<\/span><\/p>\n<p><span style=\"font-weight: 400;\">Vers 1920<\/span><\/p>\n<blockquote><p><span style=\"font-weight: 400;\">Plateau longueur : 35 cm \/ Largeur : 9 cm<\/span><\/p><\/blockquote>\n","protected":false},"excerpt":{"rendered":"<p>Service \u00e0 liqueur Art Nouveau en m\u00e9tal argent\u00e9 Gallia par Christofle. Long et fin plateau avec ses 6 petits gobelets&#8230;<\/p>\n","protected":false},"featured_media":4402,"comment_status":"open","ping_status":"closed","template":"","meta":[],"product_brand":[],"product_cat":[15,295],"product_tag":[66,112,262,75],"class_list":{"0":"post-4400","1":"product","2":"type-product","3":"status-publish","4":"has-post-thumbnail","6":"product_cat-art-de-la-table","7":"product_cat-services","8":"product_tag-art-de-la-table","9":"product_tag-metal-argente","10":"product_tag-service-a-liqueur","11":"product_tag-verre","13":"first","14":"instock","15":"shipping-taxable","16":"purchasable","17":"product-type-simple"},"aioseo_notices":[],"jetpack_sharing_enabled":true,"_links":{"self":[{"href":"https:\/\/lespucesdestju.fr\/index.php?rest_route=\/wp\/v2\/product\/4400","targetHints":{"allow":["GET"]}}],"collection":[{"href":"https:\/\/lespucesdestju.fr\/index.php?rest_route=\/wp\/v2\/product"}],"about":[{"href":"https:\/\/lespucesdestju.fr\/index.php?rest_route=\/wp\/v2\/types\/product"}],"replies":[{"embeddable":true,"href":"https:\/\/lespucesdestju.fr\/index.php?rest_route=%2Fwp%2Fv2%2Fcomments&post=4400"}],"wp:featuredmedia":[{"embeddable":true,"href":"https:\/\/lespucesdestju.fr\/index.php?rest_route=\/wp\/v2\/media\/4402"}],"wp:attachment":[{"href":"https:\/\/lespucesdestju.fr\/index.php?rest_route=%2Fwp%2Fv2%2Fmedia&parent=4400"}],"wp:term":[{"taxonomy":"product_brand","embeddable":true,"href":"https:\/\/lespucesdestju.fr\/index.php?rest_route=%2Fwp%2Fv2%2Fproduct_brand&post=4400"},{"taxonomy":"product_cat","embeddable":true,"href":"https:\/\/lespucesdestju.fr\/index.php?rest_route=%2Fwp%2Fv2%2Fproduct_cat&post=4400"},{"taxonomy":"product_tag","embeddable":true,"href":"https:\/\/lespucesdestju.fr\/index.php?rest_route=%2Fwp%2Fv2%2Fproduct_tag&post=4400"}],"curies":[{"name":"wp","href":"https:\/\/api.w.org\/{rel}","templated":true}]}}