{"id":4329,"date":"2024-05-05T13:38:54","date_gmt":"2024-05-05T11:38:54","guid":{"rendered":"https:\/\/lespucesdestju.fr\/?post_type=product&#038;p=4329"},"modified":"2024-07-18T13:32:36","modified_gmt":"2024-07-18T11:32:36","slug":"partie-de-service-a-cafe-a-decors-de-bambou","status":"publish","type":"product","link":"https:\/\/lespucesdestju.fr\/?product=partie-de-service-a-cafe-a-decors-de-bambou","title":{"rendered":"Partie de Service \u00e0 caf\u00e9 \u00e0 d\u00e9cors de bambou"},"content":{"rendered":"<p><span style=\"font-weight: 400;\">Partie de Service \u00e0 caf\u00e9 constitu\u00e9 de 5 tasse et sous coupe en barbotine. A d\u00e9cors de tige et bambou, int\u00e9rieur bleu turquoise, vers 1900.\u00a0<\/span><\/p>\n<p><span style=\"font-weight: 400;\">a signal\u00e9 : Partie de Anse manquante\u00a0<\/span><\/p>\n<blockquote><p><span style=\"font-weight: 400;\">Tasses 5 :\u00a0 longueur 9 cm, Largueur 5,5 cm, Hauteur 7 cm\u00a0<\/span><\/p>\n<p><span style=\"font-weight: 400;\">Sous tasse 5 : longueur 13,5 cm, Largeur 13,5 cm\u00a0<\/span><\/p>\n<p><span style=\"font-weight: 400;\"> <i>Dimensions ( longueur x Largeur x Hauteur) et poids (Kg) : <\/i><b><i>voir informations compl\u00e9mentaires.<\/i><\/b><\/span><\/p><\/blockquote>\n","protected":false},"excerpt":{"rendered":"<p>Partie de Service \u00e0 caf\u00e9 constitu\u00e9 de 5 tasse et sous coupe en barbotine. A d\u00e9cors de tige et bambou,&#8230;<\/p>\n","protected":false},"featured_media":4333,"comment_status":"open","ping_status":"closed","template":"","meta":[],"product_brand":[],"product_cat":[15,295],"product_tag":[66,137,92,138],"class_list":{"0":"post-4329","1":"product","2":"type-product","3":"status-publish","4":"has-post-thumbnail","6":"product_cat-art-de-la-table","7":"product_cat-services","8":"product_tag-art-de-la-table","9":"product_tag-barbotine","10":"product_tag-service","11":"product_tag-service-a-cafe","13":"first","14":"instock","15":"shipping-taxable","16":"purchasable","17":"product-type-simple"},"aioseo_notices":[],"jetpack_sharing_enabled":true,"_links":{"self":[{"href":"https:\/\/lespucesdestju.fr\/index.php?rest_route=\/wp\/v2\/product\/4329","targetHints":{"allow":["GET"]}}],"collection":[{"href":"https:\/\/lespucesdestju.fr\/index.php?rest_route=\/wp\/v2\/product"}],"about":[{"href":"https:\/\/lespucesdestju.fr\/index.php?rest_route=\/wp\/v2\/types\/product"}],"replies":[{"embeddable":true,"href":"https:\/\/lespucesdestju.fr\/index.php?rest_route=%2Fwp%2Fv2%2Fcomments&post=4329"}],"wp:featuredmedia":[{"embeddable":true,"href":"https:\/\/lespucesdestju.fr\/index.php?rest_route=\/wp\/v2\/media\/4333"}],"wp:attachment":[{"href":"https:\/\/lespucesdestju.fr\/index.php?rest_route=%2Fwp%2Fv2%2Fmedia&parent=4329"}],"wp:term":[{"taxonomy":"product_brand","embeddable":true,"href":"https:\/\/lespucesdestju.fr\/index.php?rest_route=%2Fwp%2Fv2%2Fproduct_brand&post=4329"},{"taxonomy":"product_cat","embeddable":true,"href":"https:\/\/lespucesdestju.fr\/index.php?rest_route=%2Fwp%2Fv2%2Fproduct_cat&post=4329"},{"taxonomy":"product_tag","embeddable":true,"href":"https:\/\/lespucesdestju.fr\/index.php?rest_route=%2Fwp%2Fv2%2Fproduct_tag&post=4329"}],"curies":[{"name":"wp","href":"https:\/\/api.w.org\/{rel}","templated":true}]}}