{"id":4309,"date":"2024-05-05T13:02:05","date_gmt":"2024-05-05T11:02:05","guid":{"rendered":"https:\/\/lespucesdestju.fr\/?post_type=product&#038;p=4309"},"modified":"2024-07-18T13:33:55","modified_gmt":"2024-07-18T11:33:55","slug":"partie-de-service-en-porcelaine-fine","status":"publish","type":"product","link":"https:\/\/lespucesdestju.fr\/?product=partie-de-service-en-porcelaine-fine","title":{"rendered":"Partie de service en porcelaine fine"},"content":{"rendered":"<p><span style=\"font-weight: 400;\">Jolie partie de service en porcelaine fine asiatique \u00e0 d\u00e9cor floral.\u00a0<\/span><\/p>\n<p><span style=\"font-weight: 400;\">En bon \u00e9tat malgr\u00e9 quelques petits manques sur les liser\u00e9s.\u00a0<\/span><\/p>\n<ul>\n<li><span style=\"font-weight: 400;\">6 tasses\u00a0<\/span><\/li>\n<li><span style=\"font-weight: 400;\">6 sous tasses\u00a0<\/span><\/li>\n<li><span style=\"font-weight: 400;\">1 sucrier\u00a0<\/span><\/li>\n<li><span style=\"font-weight: 400;\">1 pot \u00e0 lait\u00a0<\/span><\/li>\n<\/ul>\n<blockquote><p><i><span style=\"font-weight: 400;\">Dimensions ( longueur x Largeur x Hauteur) et poids (Kg) pour l\u2019objet le plus volumineux : <\/span><\/i><b><i>voir informations compl\u00e9mentaires.<\/i><\/b><\/p><\/blockquote>\n","protected":false},"excerpt":{"rendered":"<p>Jolie partie de service en porcelaine fine asiatique \u00e0 d\u00e9cor floral.\u00a0 En bon \u00e9tat malgr\u00e9 quelques petits manques sur les&#8230;<\/p>\n","protected":false},"featured_media":4310,"comment_status":"open","ping_status":"closed","template":"","meta":[],"product_brand":[],"product_cat":[15,295],"product_tag":[66,139,92],"class_list":{"0":"post-4309","1":"product","2":"type-product","3":"status-publish","4":"has-post-thumbnail","6":"product_cat-art-de-la-table","7":"product_cat-services","8":"product_tag-art-de-la-table","9":"product_tag-porcelaine","10":"product_tag-service","12":"first","13":"instock","14":"shipping-taxable","15":"purchasable","16":"product-type-simple"},"aioseo_notices":[],"jetpack_sharing_enabled":true,"_links":{"self":[{"href":"https:\/\/lespucesdestju.fr\/index.php?rest_route=\/wp\/v2\/product\/4309","targetHints":{"allow":["GET"]}}],"collection":[{"href":"https:\/\/lespucesdestju.fr\/index.php?rest_route=\/wp\/v2\/product"}],"about":[{"href":"https:\/\/lespucesdestju.fr\/index.php?rest_route=\/wp\/v2\/types\/product"}],"replies":[{"embeddable":true,"href":"https:\/\/lespucesdestju.fr\/index.php?rest_route=%2Fwp%2Fv2%2Fcomments&post=4309"}],"wp:featuredmedia":[{"embeddable":true,"href":"https:\/\/lespucesdestju.fr\/index.php?rest_route=\/wp\/v2\/media\/4310"}],"wp:attachment":[{"href":"https:\/\/lespucesdestju.fr\/index.php?rest_route=%2Fwp%2Fv2%2Fmedia&parent=4309"}],"wp:term":[{"taxonomy":"product_brand","embeddable":true,"href":"https:\/\/lespucesdestju.fr\/index.php?rest_route=%2Fwp%2Fv2%2Fproduct_brand&post=4309"},{"taxonomy":"product_cat","embeddable":true,"href":"https:\/\/lespucesdestju.fr\/index.php?rest_route=%2Fwp%2Fv2%2Fproduct_cat&post=4309"},{"taxonomy":"product_tag","embeddable":true,"href":"https:\/\/lespucesdestju.fr\/index.php?rest_route=%2Fwp%2Fv2%2Fproduct_tag&post=4309"}],"curies":[{"name":"wp","href":"https:\/\/api.w.org\/{rel}","templated":true}]}}