{"id":4208,"date":"2024-04-27T12:27:29","date_gmt":"2024-04-27T10:27:29","guid":{"rendered":"https:\/\/lespucesdestju.fr\/?post_type=product&#038;p=4208"},"modified":"2025-11-19T11:43:04","modified_gmt":"2025-11-19T10:43:04","slug":"crepuscule-dans-la-foret-huile-sur-carton-entoile","status":"publish","type":"product","link":"https:\/\/lespucesdestju.fr\/?product=crepuscule-dans-la-foret-huile-sur-carton-entoile","title":{"rendered":"\u201cCr\u00e9puscule dans la for\u00eat\u201d huile sur carton entoil\u00e9"},"content":{"rendered":"<p><span style=\"font-weight: 400\">\u201cCr\u00e9puscule dans la for\u00eat\u201d Landes. <\/span><\/p>\n<p><span style=\"font-weight: 400\">Huile sur carton entoil\u00e9, par Anne-Mie SYSMANS (Schoten Anvers 1957).<\/span><\/p>\n<p><span style=\"font-weight: 400\">Sign\u00e9e en bas \u00e0 droite<\/span><\/p>\n<blockquote><p><span style=\"font-weight: 400\">Cadre : 46,5cm x 29cm<\/span><\/p>\n<p><span style=\"font-weight: 400\">Toile : 37cm x 20cm<\/span><\/p><\/blockquote>\n","protected":false},"excerpt":{"rendered":"<p>\u201cCr\u00e9puscule dans la for\u00eat\u201d Landes. Huile sur carton entoil\u00e9, par Anne-Mie SYSMANS (Schoten Anvers 1957). Sign\u00e9e en bas \u00e0 droite&#8230;<\/p>\n","protected":false},"featured_media":4201,"comment_status":"open","ping_status":"closed","template":"","meta":[],"product_brand":[],"product_cat":[50,306],"product_tag":[252,56,97,100,253],"class_list":{"0":"post-4208","1":"product","2":"type-product","3":"status-publish","4":"has-post-thumbnail","6":"product_cat-art","7":"product_cat-tableaux-et-peintures","8":"product_tag-anne-mie-sysmans","9":"product_tag-art","10":"product_tag-huile-sur-toile","11":"product_tag-peinture","12":"product_tag-tableaux","14":"first","15":"outofstock","16":"shipping-taxable","17":"purchasable","18":"product-type-simple"},"aioseo_notices":[],"jetpack_sharing_enabled":true,"_links":{"self":[{"href":"https:\/\/lespucesdestju.fr\/index.php?rest_route=\/wp\/v2\/product\/4208","targetHints":{"allow":["GET"]}}],"collection":[{"href":"https:\/\/lespucesdestju.fr\/index.php?rest_route=\/wp\/v2\/product"}],"about":[{"href":"https:\/\/lespucesdestju.fr\/index.php?rest_route=\/wp\/v2\/types\/product"}],"replies":[{"embeddable":true,"href":"https:\/\/lespucesdestju.fr\/index.php?rest_route=%2Fwp%2Fv2%2Fcomments&post=4208"}],"wp:featuredmedia":[{"embeddable":true,"href":"https:\/\/lespucesdestju.fr\/index.php?rest_route=\/wp\/v2\/media\/4201"}],"wp:attachment":[{"href":"https:\/\/lespucesdestju.fr\/index.php?rest_route=%2Fwp%2Fv2%2Fmedia&parent=4208"}],"wp:term":[{"taxonomy":"product_brand","embeddable":true,"href":"https:\/\/lespucesdestju.fr\/index.php?rest_route=%2Fwp%2Fv2%2Fproduct_brand&post=4208"},{"taxonomy":"product_cat","embeddable":true,"href":"https:\/\/lespucesdestju.fr\/index.php?rest_route=%2Fwp%2Fv2%2Fproduct_cat&post=4208"},{"taxonomy":"product_tag","embeddable":true,"href":"https:\/\/lespucesdestju.fr\/index.php?rest_route=%2Fwp%2Fv2%2Fproduct_tag&post=4208"}],"curies":[{"name":"wp","href":"https:\/\/api.w.org\/{rel}","templated":true}]}}