{"id":4191,"date":"2024-04-27T12:12:56","date_gmt":"2024-04-27T10:12:56","guid":{"rendered":"https:\/\/lespucesdestju.fr\/?post_type=product&#038;p=4191"},"modified":"2024-07-18T13:50:03","modified_gmt":"2024-07-18T11:50:03","slug":"brume-du-matin-huile-sur-toile","status":"publish","type":"product","link":"https:\/\/lespucesdestju.fr\/?product=brume-du-matin-huile-sur-toile","title":{"rendered":"\u201cBrume du matin\u201d, huile sur toile"},"content":{"rendered":"<p><span style=\"font-weight: 400;\">\u201cBrume du matin\u201d For\u00eat Landaise. <\/span><\/p>\n<p><span style=\"font-weight: 400;\">Huile sur toile, par Anne-Mie SYSMANS. ( Shoten Anvers 1957)<\/span><\/p>\n<p><span style=\"font-weight: 400;\">Sign\u00e9e en bas \u00e0 droite.\u00a0<\/span><\/p>\n<blockquote><p><span style=\"font-weight: 400;\">Cadre : 41,5cm x 27cm<\/span><\/p>\n<p><span style=\"font-weight: 400;\">Toile : 39cm x 24,5cm\u00a0<\/span><\/p><\/blockquote>\n","protected":false},"excerpt":{"rendered":"<p>\u201cBrume du matin\u201d For\u00eat Landaise. Huile sur toile, par Anne-Mie SYSMANS. ( Shoten Anvers 1957) Sign\u00e9e en bas \u00e0 droite.\u00a0&#8230;<\/p>\n","protected":false},"featured_media":4196,"comment_status":"open","ping_status":"closed","template":"","meta":[],"product_brand":[],"product_cat":[50,306],"product_tag":[252,56,97,100,253],"class_list":{"0":"post-4191","1":"product","2":"type-product","3":"status-publish","4":"has-post-thumbnail","6":"product_cat-art","7":"product_cat-tableaux-et-peintures","8":"product_tag-anne-mie-sysmans","9":"product_tag-art","10":"product_tag-huile-sur-toile","11":"product_tag-peinture","12":"product_tag-tableaux","14":"first","15":"instock","16":"shipping-taxable","17":"purchasable","18":"product-type-simple"},"aioseo_notices":[],"jetpack_sharing_enabled":true,"_links":{"self":[{"href":"https:\/\/lespucesdestju.fr\/index.php?rest_route=\/wp\/v2\/product\/4191","targetHints":{"allow":["GET"]}}],"collection":[{"href":"https:\/\/lespucesdestju.fr\/index.php?rest_route=\/wp\/v2\/product"}],"about":[{"href":"https:\/\/lespucesdestju.fr\/index.php?rest_route=\/wp\/v2\/types\/product"}],"replies":[{"embeddable":true,"href":"https:\/\/lespucesdestju.fr\/index.php?rest_route=%2Fwp%2Fv2%2Fcomments&post=4191"}],"wp:featuredmedia":[{"embeddable":true,"href":"https:\/\/lespucesdestju.fr\/index.php?rest_route=\/wp\/v2\/media\/4196"}],"wp:attachment":[{"href":"https:\/\/lespucesdestju.fr\/index.php?rest_route=%2Fwp%2Fv2%2Fmedia&parent=4191"}],"wp:term":[{"taxonomy":"product_brand","embeddable":true,"href":"https:\/\/lespucesdestju.fr\/index.php?rest_route=%2Fwp%2Fv2%2Fproduct_brand&post=4191"},{"taxonomy":"product_cat","embeddable":true,"href":"https:\/\/lespucesdestju.fr\/index.php?rest_route=%2Fwp%2Fv2%2Fproduct_cat&post=4191"},{"taxonomy":"product_tag","embeddable":true,"href":"https:\/\/lespucesdestju.fr\/index.php?rest_route=%2Fwp%2Fv2%2Fproduct_tag&post=4191"}],"curies":[{"name":"wp","href":"https:\/\/api.w.org\/{rel}","templated":true}]}}