{"id":4180,"date":"2024-04-27T12:07:12","date_gmt":"2024-04-27T10:07:12","guid":{"rendered":"https:\/\/lespucesdestju.fr\/?post_type=product&#038;p=4180"},"modified":"2024-07-18T13:50:08","modified_gmt":"2024-07-18T11:50:08","slug":"mer-calme-huile-sur-carton-entoile","status":"publish","type":"product","link":"https:\/\/lespucesdestju.fr\/?product=mer-calme-huile-sur-carton-entoile","title":{"rendered":"\u201cMer calme\u201d, huile sur carton entoil\u00e9"},"content":{"rendered":"<p><span style=\"font-weight: 400;\">\u201cMer calme\u201d C\u00f4te Landaise. <\/span><\/p>\n<p><span style=\"font-weight: 400;\">Huile sur carton entoil\u00e9, par Anne-Mie SYSMANS. ( Shoten Anvers 1957).<\/span><\/p>\n<p><span style=\"font-weight: 400;\">( Shoten Anvers 1957). <\/span><\/p>\n<p><span style=\"font-weight: 400;\">Sign\u00e9e en bas \u00e0 droite.<\/span><\/p>\n<blockquote><p>Cadre : 35cm x 26,5cm<\/p>\n<p>Toile : 31cm x 23 cm<\/p><\/blockquote>\n","protected":false},"excerpt":{"rendered":"<p>\u201cMer calme\u201d C\u00f4te Landaise. Huile sur carton entoil\u00e9, par Anne-Mie SYSMANS. ( Shoten Anvers 1957). ( Shoten Anvers 1957). Sign\u00e9e&#8230;<\/p>\n","protected":false},"featured_media":4190,"comment_status":"open","ping_status":"closed","template":"","meta":[],"product_brand":[],"product_cat":[50,306],"product_tag":[252,56,97,100,253],"class_list":{"0":"post-4180","1":"product","2":"type-product","3":"status-publish","4":"has-post-thumbnail","6":"product_cat-art","7":"product_cat-tableaux-et-peintures","8":"product_tag-anne-mie-sysmans","9":"product_tag-art","10":"product_tag-huile-sur-toile","11":"product_tag-peinture","12":"product_tag-tableaux","14":"first","15":"instock","16":"shipping-taxable","17":"purchasable","18":"product-type-simple"},"aioseo_notices":[],"jetpack_sharing_enabled":true,"_links":{"self":[{"href":"https:\/\/lespucesdestju.fr\/index.php?rest_route=\/wp\/v2\/product\/4180","targetHints":{"allow":["GET"]}}],"collection":[{"href":"https:\/\/lespucesdestju.fr\/index.php?rest_route=\/wp\/v2\/product"}],"about":[{"href":"https:\/\/lespucesdestju.fr\/index.php?rest_route=\/wp\/v2\/types\/product"}],"replies":[{"embeddable":true,"href":"https:\/\/lespucesdestju.fr\/index.php?rest_route=%2Fwp%2Fv2%2Fcomments&post=4180"}],"wp:featuredmedia":[{"embeddable":true,"href":"https:\/\/lespucesdestju.fr\/index.php?rest_route=\/wp\/v2\/media\/4190"}],"wp:attachment":[{"href":"https:\/\/lespucesdestju.fr\/index.php?rest_route=%2Fwp%2Fv2%2Fmedia&parent=4180"}],"wp:term":[{"taxonomy":"product_brand","embeddable":true,"href":"https:\/\/lespucesdestju.fr\/index.php?rest_route=%2Fwp%2Fv2%2Fproduct_brand&post=4180"},{"taxonomy":"product_cat","embeddable":true,"href":"https:\/\/lespucesdestju.fr\/index.php?rest_route=%2Fwp%2Fv2%2Fproduct_cat&post=4180"},{"taxonomy":"product_tag","embeddable":true,"href":"https:\/\/lespucesdestju.fr\/index.php?rest_route=%2Fwp%2Fv2%2Fproduct_tag&post=4180"}],"curies":[{"name":"wp","href":"https:\/\/api.w.org\/{rel}","templated":true}]}}