{"id":4089,"date":"2024-04-24T15:58:32","date_gmt":"2024-04-24T13:58:32","guid":{"rendered":"https:\/\/lespucesdestju.fr\/?post_type=product&#038;p=4089"},"modified":"2024-07-18T12:17:07","modified_gmt":"2024-07-18T10:17:07","slug":"denbac-petite-jardiniere-en-gres","status":"publish","type":"product","link":"https:\/\/lespucesdestju.fr\/?product=denbac-petite-jardiniere-en-gres","title":{"rendered":"Denbac, petite jardini\u00e8re en gr\u00e8s"},"content":{"rendered":"<p><span style=\"font-weight: 400;\">Petite jardini\u00e8re en gr\u00e8s, couverture \u00e9maill\u00e9e \u00e0 coulure en tons de jaune et vert, sign\u00e9e.\u00a0<\/span><\/p>\n<p>Bon \u00e9tat.<\/p>\n<blockquote><p><i><span style=\"font-weight: 400;\">Dimensions ( longueur x Largeur x Hauteur) et poids (Kg) : <\/span><\/i><b><i>voir informations compl\u00e9mentaires.<\/i><\/b><\/p><\/blockquote>\n","protected":false},"excerpt":{"rendered":"<p>Petite jardini\u00e8re en gr\u00e8s, couverture \u00e9maill\u00e9e \u00e0 coulure en tons de jaune et vert, sign\u00e9e.\u00a0 Bon \u00e9tat. Dimensions ( longueur&#8230;<\/p>\n","protected":false},"featured_media":4090,"comment_status":"open","ping_status":"closed","template":"","meta":[],"product_brand":[],"product_cat":[37,292],"product_tag":[61,60,250,136,133,201],"class_list":{"0":"post-4089","1":"product","2":"type-product","3":"status-publish","4":"has-post-thumbnail","6":"product_cat-decoration","7":"product_cat-vases-pots-et-contenants","8":"product_tag-ceramique","9":"product_tag-decoration","10":"product_tag-denbac","11":"product_tag-email","12":"product_tag-gres","13":"product_tag-jardiniere","15":"first","16":"instock","17":"shipping-taxable","18":"purchasable","19":"product-type-simple"},"aioseo_notices":[],"jetpack_sharing_enabled":true,"_links":{"self":[{"href":"https:\/\/lespucesdestju.fr\/index.php?rest_route=\/wp\/v2\/product\/4089","targetHints":{"allow":["GET"]}}],"collection":[{"href":"https:\/\/lespucesdestju.fr\/index.php?rest_route=\/wp\/v2\/product"}],"about":[{"href":"https:\/\/lespucesdestju.fr\/index.php?rest_route=\/wp\/v2\/types\/product"}],"replies":[{"embeddable":true,"href":"https:\/\/lespucesdestju.fr\/index.php?rest_route=%2Fwp%2Fv2%2Fcomments&post=4089"}],"wp:featuredmedia":[{"embeddable":true,"href":"https:\/\/lespucesdestju.fr\/index.php?rest_route=\/wp\/v2\/media\/4090"}],"wp:attachment":[{"href":"https:\/\/lespucesdestju.fr\/index.php?rest_route=%2Fwp%2Fv2%2Fmedia&parent=4089"}],"wp:term":[{"taxonomy":"product_brand","embeddable":true,"href":"https:\/\/lespucesdestju.fr\/index.php?rest_route=%2Fwp%2Fv2%2Fproduct_brand&post=4089"},{"taxonomy":"product_cat","embeddable":true,"href":"https:\/\/lespucesdestju.fr\/index.php?rest_route=%2Fwp%2Fv2%2Fproduct_cat&post=4089"},{"taxonomy":"product_tag","embeddable":true,"href":"https:\/\/lespucesdestju.fr\/index.php?rest_route=%2Fwp%2Fv2%2Fproduct_tag&post=4089"}],"curies":[{"name":"wp","href":"https:\/\/api.w.org\/{rel}","templated":true}]}}