{"id":4061,"date":"2024-04-24T15:31:48","date_gmt":"2024-04-24T13:31:48","guid":{"rendered":"https:\/\/lespucesdestju.fr\/?post_type=product&#038;p=4061"},"modified":"2024-07-18T15:16:25","modified_gmt":"2024-07-18T13:16:25","slug":"denbac-6-petits-pots-couvert","status":"publish","type":"product","link":"https:\/\/lespucesdestju.fr\/?product=denbac-6-petits-pots-couvert","title":{"rendered":"Denbac, 6 petits pots couvert"},"content":{"rendered":"<p><span style=\"font-weight: 400;\">Denbac, (attribu\u00e9) 6 petits pots couvert en gr\u00e8s, couverture \u00e9maill\u00e9e en tons de beige et marron.<\/span><\/p>\n<p><span style=\"font-weight: 400;\">Bon \u00e9tat.<\/span><\/p>\n<blockquote><p><i><span style=\"font-weight: 400;\">Dimensions ( longueur x Largeur x Hauteur) et poids (Kg) pour un objets : <\/span><\/i><b><i>voir informations compl\u00e9mentaires.<\/i><\/b><\/p><\/blockquote>\n","protected":false},"excerpt":{"rendered":"<p>Denbac, (attribu\u00e9) 6 petits pots couvert en gr\u00e8s, couverture \u00e9maill\u00e9e en tons de beige et marron. Bon \u00e9tat. Dimensions (&#8230;<\/p>\n","protected":false},"featured_media":4062,"comment_status":"open","ping_status":"closed","template":"","meta":[],"product_brand":[],"product_cat":[37,292],"product_tag":[61,60,250,136,133,122],"class_list":{"0":"post-4061","1":"product","2":"type-product","3":"status-publish","4":"has-post-thumbnail","6":"product_cat-decoration","7":"product_cat-vases-pots-et-contenants","8":"product_tag-ceramique","9":"product_tag-decoration","10":"product_tag-denbac","11":"product_tag-email","12":"product_tag-gres","13":"product_tag-pot-couvert","15":"first","16":"instock","17":"shipping-taxable","18":"purchasable","19":"product-type-simple"},"aioseo_notices":[],"jetpack_sharing_enabled":true,"_links":{"self":[{"href":"https:\/\/lespucesdestju.fr\/index.php?rest_route=\/wp\/v2\/product\/4061","targetHints":{"allow":["GET"]}}],"collection":[{"href":"https:\/\/lespucesdestju.fr\/index.php?rest_route=\/wp\/v2\/product"}],"about":[{"href":"https:\/\/lespucesdestju.fr\/index.php?rest_route=\/wp\/v2\/types\/product"}],"replies":[{"embeddable":true,"href":"https:\/\/lespucesdestju.fr\/index.php?rest_route=%2Fwp%2Fv2%2Fcomments&post=4061"}],"wp:featuredmedia":[{"embeddable":true,"href":"https:\/\/lespucesdestju.fr\/index.php?rest_route=\/wp\/v2\/media\/4062"}],"wp:attachment":[{"href":"https:\/\/lespucesdestju.fr\/index.php?rest_route=%2Fwp%2Fv2%2Fmedia&parent=4061"}],"wp:term":[{"taxonomy":"product_brand","embeddable":true,"href":"https:\/\/lespucesdestju.fr\/index.php?rest_route=%2Fwp%2Fv2%2Fproduct_brand&post=4061"},{"taxonomy":"product_cat","embeddable":true,"href":"https:\/\/lespucesdestju.fr\/index.php?rest_route=%2Fwp%2Fv2%2Fproduct_cat&post=4061"},{"taxonomy":"product_tag","embeddable":true,"href":"https:\/\/lespucesdestju.fr\/index.php?rest_route=%2Fwp%2Fv2%2Fproduct_tag&post=4061"}],"curies":[{"name":"wp","href":"https:\/\/api.w.org\/{rel}","templated":true}]}}