{"id":3787,"date":"2024-02-03T18:09:07","date_gmt":"2024-02-03T17:09:07","guid":{"rendered":"https:\/\/lespucesdestju.fr\/?post_type=product&#038;p=3787"},"modified":"2024-07-18T11:57:26","modified_gmt":"2024-07-18T09:57:26","slug":"console-et-miroir-baroque","status":"publish","type":"product","link":"https:\/\/lespucesdestju.fr\/?product=console-et-miroir-baroque","title":{"rendered":"Console et miroir Baroque"},"content":{"rendered":"<p><span style=\"font-weight: 400;\">Imposant ensemble console et miroir n\u00e9o-classique en bois naturel richement sculpt\u00e9. Tr\u00e8s beau plateau \u00e9pais, en marbre vert de mer. Miroir biseaut\u00e9. Fabrication XX\u00e8me si\u00e8cle. Bon \u00e9tat g\u00e9n\u00e9ral, petits manques et trous anciens de xylophages \u00e0 l&rsquo;arri\u00e8re du miroir.<\/span><\/p>\n<blockquote><p><b><i>Cet objet peut \u00eatre uniquement retir\u00e9 en boutique,<\/i><\/b><i><span style=\"font-weight: 400;\"> pour la livraison, veuillez nous demander un devis.<\/span><\/i><\/p>\n<p><i><span style=\"font-weight: 400;\">Dimensions ( longueur x Largeur x Hauteur) et poids (Kg) : <\/span><\/i><b><i>voir informations compl\u00e9mentaires.<\/i><\/b><\/p><\/blockquote>\n","protected":false},"excerpt":{"rendered":"<p>Imposant ensemble console et miroir n\u00e9o-classique en bois naturel richement sculpt\u00e9. Tr\u00e8s beau plateau \u00e9pais, en marbre vert de mer&#8230;.<\/p>\n","protected":false},"featured_media":3788,"comment_status":"open","ping_status":"closed","template":"","meta":[],"product_brand":[],"product_cat":[302,45],"product_tag":[86,197,87,236,235],"class_list":{"0":"post-3787","1":"product","2":"type-product","3":"status-publish","4":"has-post-thumbnail","6":"product_cat-meubles","7":"product_cat-mobilier","8":"product_tag-bois","9":"product_tag-console","10":"product_tag-marbre","11":"product_tag-marbre-vert","12":"product_tag-miroir","14":"first","15":"instock","16":"sold-individually","17":"shipping-taxable","18":"product-type-external"},"aioseo_notices":[],"jetpack_sharing_enabled":true,"_links":{"self":[{"href":"https:\/\/lespucesdestju.fr\/index.php?rest_route=\/wp\/v2\/product\/3787","targetHints":{"allow":["GET"]}}],"collection":[{"href":"https:\/\/lespucesdestju.fr\/index.php?rest_route=\/wp\/v2\/product"}],"about":[{"href":"https:\/\/lespucesdestju.fr\/index.php?rest_route=\/wp\/v2\/types\/product"}],"replies":[{"embeddable":true,"href":"https:\/\/lespucesdestju.fr\/index.php?rest_route=%2Fwp%2Fv2%2Fcomments&post=3787"}],"wp:featuredmedia":[{"embeddable":true,"href":"https:\/\/lespucesdestju.fr\/index.php?rest_route=\/wp\/v2\/media\/3788"}],"wp:attachment":[{"href":"https:\/\/lespucesdestju.fr\/index.php?rest_route=%2Fwp%2Fv2%2Fmedia&parent=3787"}],"wp:term":[{"taxonomy":"product_brand","embeddable":true,"href":"https:\/\/lespucesdestju.fr\/index.php?rest_route=%2Fwp%2Fv2%2Fproduct_brand&post=3787"},{"taxonomy":"product_cat","embeddable":true,"href":"https:\/\/lespucesdestju.fr\/index.php?rest_route=%2Fwp%2Fv2%2Fproduct_cat&post=3787"},{"taxonomy":"product_tag","embeddable":true,"href":"https:\/\/lespucesdestju.fr\/index.php?rest_route=%2Fwp%2Fv2%2Fproduct_tag&post=3787"}],"curies":[{"name":"wp","href":"https:\/\/api.w.org\/{rel}","templated":true}]}}