{"id":3775,"date":"2024-02-03T17:59:43","date_gmt":"2024-02-03T16:59:43","guid":{"rendered":"https:\/\/lespucesdestju.fr\/?post_type=product&#038;p=3775"},"modified":"2024-07-18T11:57:40","modified_gmt":"2024-07-18T09:57:40","slug":"banquette-napoleon-iii","status":"publish","type":"product","link":"https:\/\/lespucesdestju.fr\/?product=banquette-napoleon-iii","title":{"rendered":"Banquette Napol\u00e9on III"},"content":{"rendered":"<p><span style=\"font-weight: 400;\">Belle banquette d\u2019\u00e9poque Napol\u00e9on III, en noyer teint\u00e9 acajou. Recouverte d\u2019un tissu au point de croix en tr\u00e8s bon \u00e9tat. A signaler des petits d\u00e9collages de placage et trous anciens de xylophages sur la traverse arri\u00e8re.\u00a0<\/span><\/p>\n<blockquote><p><i><span style=\"font-weight: 400;\">Dimensions ( longueur x Largeur x Hauteur) et poids (Kg) : <\/span><\/i><b><i>voir informations compl\u00e9mentaires.<\/i><\/b><\/p>\n<p><b><i>Cet objet peut \u00eatre uniquement retir\u00e9 en boutique,<\/i><\/b><i><span style=\"font-weight: 400;\"> pour la livraison, veuillez nous demander un devis.<\/span><\/i><\/p><\/blockquote>\n","protected":false},"excerpt":{"rendered":"<p>Belle banquette d\u2019\u00e9poque Napol\u00e9on III, en noyer teint\u00e9 acajou. Recouverte d\u2019un tissu au point de croix en tr\u00e8s bon \u00e9tat&#8230;.<\/p>\n","protected":false},"featured_media":3776,"comment_status":"open","ping_status":"closed","template":"","meta":[],"product_brand":[],"product_cat":[303,45],"product_tag":[232,86,84],"class_list":{"0":"post-3775","1":"product","2":"type-product","3":"status-publish","4":"has-post-thumbnail","6":"product_cat-assises","7":"product_cat-mobilier","8":"product_tag-banquette","9":"product_tag-bois","10":"product_tag-noyer","12":"first","13":"instock","14":"shipping-taxable","15":"product-type-external"},"aioseo_notices":[],"jetpack_sharing_enabled":true,"_links":{"self":[{"href":"https:\/\/lespucesdestju.fr\/index.php?rest_route=\/wp\/v2\/product\/3775","targetHints":{"allow":["GET"]}}],"collection":[{"href":"https:\/\/lespucesdestju.fr\/index.php?rest_route=\/wp\/v2\/product"}],"about":[{"href":"https:\/\/lespucesdestju.fr\/index.php?rest_route=\/wp\/v2\/types\/product"}],"replies":[{"embeddable":true,"href":"https:\/\/lespucesdestju.fr\/index.php?rest_route=%2Fwp%2Fv2%2Fcomments&post=3775"}],"wp:featuredmedia":[{"embeddable":true,"href":"https:\/\/lespucesdestju.fr\/index.php?rest_route=\/wp\/v2\/media\/3776"}],"wp:attachment":[{"href":"https:\/\/lespucesdestju.fr\/index.php?rest_route=%2Fwp%2Fv2%2Fmedia&parent=3775"}],"wp:term":[{"taxonomy":"product_brand","embeddable":true,"href":"https:\/\/lespucesdestju.fr\/index.php?rest_route=%2Fwp%2Fv2%2Fproduct_brand&post=3775"},{"taxonomy":"product_cat","embeddable":true,"href":"https:\/\/lespucesdestju.fr\/index.php?rest_route=%2Fwp%2Fv2%2Fproduct_cat&post=3775"},{"taxonomy":"product_tag","embeddable":true,"href":"https:\/\/lespucesdestju.fr\/index.php?rest_route=%2Fwp%2Fv2%2Fproduct_tag&post=3775"}],"curies":[{"name":"wp","href":"https:\/\/api.w.org\/{rel}","templated":true}]}}