{"id":3416,"date":"2023-11-29T15:54:10","date_gmt":"2023-11-29T14:54:10","guid":{"rendered":"https:\/\/lespucesdestju.fr\/?post_type=product&#038;p=3416"},"modified":"2025-03-15T17:05:47","modified_gmt":"2025-03-15T16:05:47","slug":"tete-de-bouddha-en-bronze","status":"publish","type":"product","link":"https:\/\/lespucesdestju.fr\/?product=tete-de-bouddha-en-bronze","title":{"rendered":"T\u00eate de Bouddha en bronze"},"content":{"rendered":"<p><span style=\"font-weight: 400;\">T\u00eate de bouddha en bronze, Tha\u00eflande d\u00e9but XX\u00e8me. Style dit U-Thong.<\/span><\/p>\n","protected":false},"excerpt":{"rendered":"<p>T\u00eate de bouddha en bronze, Tha\u00eflande d\u00e9but XX\u00e8me. Style dit U-Thong.<\/p>\n","protected":false},"featured_media":3421,"comment_status":"open","ping_status":"closed","template":"","meta":[],"product_brand":[],"product_cat":[50,309],"product_tag":[193,70,60],"class_list":{"0":"post-3416","1":"product","2":"type-product","3":"status-publish","4":"has-post-thumbnail","6":"product_cat-art","7":"product_cat-sculptures","8":"product_tag-bouddha","9":"product_tag-bronze","10":"product_tag-decoration","12":"first","13":"instock","14":"shipping-taxable","15":"purchasable","16":"product-type-simple"},"aioseo_notices":[],"jetpack_sharing_enabled":true,"_links":{"self":[{"href":"https:\/\/lespucesdestju.fr\/index.php?rest_route=\/wp\/v2\/product\/3416","targetHints":{"allow":["GET"]}}],"collection":[{"href":"https:\/\/lespucesdestju.fr\/index.php?rest_route=\/wp\/v2\/product"}],"about":[{"href":"https:\/\/lespucesdestju.fr\/index.php?rest_route=\/wp\/v2\/types\/product"}],"replies":[{"embeddable":true,"href":"https:\/\/lespucesdestju.fr\/index.php?rest_route=%2Fwp%2Fv2%2Fcomments&post=3416"}],"wp:featuredmedia":[{"embeddable":true,"href":"https:\/\/lespucesdestju.fr\/index.php?rest_route=\/wp\/v2\/media\/3421"}],"wp:attachment":[{"href":"https:\/\/lespucesdestju.fr\/index.php?rest_route=%2Fwp%2Fv2%2Fmedia&parent=3416"}],"wp:term":[{"taxonomy":"product_brand","embeddable":true,"href":"https:\/\/lespucesdestju.fr\/index.php?rest_route=%2Fwp%2Fv2%2Fproduct_brand&post=3416"},{"taxonomy":"product_cat","embeddable":true,"href":"https:\/\/lespucesdestju.fr\/index.php?rest_route=%2Fwp%2Fv2%2Fproduct_cat&post=3416"},{"taxonomy":"product_tag","embeddable":true,"href":"https:\/\/lespucesdestju.fr\/index.php?rest_route=%2Fwp%2Fv2%2Fproduct_tag&post=3416"}],"curies":[{"name":"wp","href":"https:\/\/api.w.org\/{rel}","templated":true}]}}