{"id":3404,"date":"2023-11-29T15:48:23","date_gmt":"2023-11-29T14:48:23","guid":{"rendered":"https:\/\/lespucesdestju.fr\/?post_type=product&#038;p=3404"},"modified":"2024-07-18T12:23:12","modified_gmt":"2024-07-18T10:23:12","slug":"bronze-enfant-a-la-lecture","status":"publish","type":"product","link":"https:\/\/lespucesdestju.fr\/?product=bronze-enfant-a-la-lecture","title":{"rendered":"Sujet en bronze"},"content":{"rendered":"<p><span style=\"font-weight: 400;\">Sujet en bronze repr\u00e9sentant un enfant \u00e0 la lecture, sur une base marbre. XX\u00e8me.<\/span><\/p>\n<blockquote><p><i><span style=\"font-weight: 400;\">Dimensions ( longueur x Largeur x Hauteur) et poids (Kg) : <\/span><\/i><b><i>voir informations compl\u00e9mentaires.<\/i><\/b><\/p><\/blockquote>\n","protected":false},"excerpt":{"rendered":"<p>Sujet en bronze repr\u00e9sentant un enfant \u00e0 la lecture, sur une base marbre. XX\u00e8me. Dimensions ( longueur x Largeur x&#8230;<\/p>\n","protected":false},"featured_media":3405,"comment_status":"open","ping_status":"closed","template":"","meta":[],"product_brand":[],"product_cat":[50,309],"product_tag":[70,60,87],"class_list":{"0":"post-3404","1":"product","2":"type-product","3":"status-publish","4":"has-post-thumbnail","6":"product_cat-art","7":"product_cat-sculptures","8":"product_tag-bronze","9":"product_tag-decoration","10":"product_tag-marbre","12":"first","13":"instock","14":"shipping-taxable","15":"purchasable","16":"product-type-simple"},"aioseo_notices":[],"jetpack_sharing_enabled":true,"_links":{"self":[{"href":"https:\/\/lespucesdestju.fr\/index.php?rest_route=\/wp\/v2\/product\/3404","targetHints":{"allow":["GET"]}}],"collection":[{"href":"https:\/\/lespucesdestju.fr\/index.php?rest_route=\/wp\/v2\/product"}],"about":[{"href":"https:\/\/lespucesdestju.fr\/index.php?rest_route=\/wp\/v2\/types\/product"}],"replies":[{"embeddable":true,"href":"https:\/\/lespucesdestju.fr\/index.php?rest_route=%2Fwp%2Fv2%2Fcomments&post=3404"}],"wp:featuredmedia":[{"embeddable":true,"href":"https:\/\/lespucesdestju.fr\/index.php?rest_route=\/wp\/v2\/media\/3405"}],"wp:attachment":[{"href":"https:\/\/lespucesdestju.fr\/index.php?rest_route=%2Fwp%2Fv2%2Fmedia&parent=3404"}],"wp:term":[{"taxonomy":"product_brand","embeddable":true,"href":"https:\/\/lespucesdestju.fr\/index.php?rest_route=%2Fwp%2Fv2%2Fproduct_brand&post=3404"},{"taxonomy":"product_cat","embeddable":true,"href":"https:\/\/lespucesdestju.fr\/index.php?rest_route=%2Fwp%2Fv2%2Fproduct_cat&post=3404"},{"taxonomy":"product_tag","embeddable":true,"href":"https:\/\/lespucesdestju.fr\/index.php?rest_route=%2Fwp%2Fv2%2Fproduct_tag&post=3404"}],"curies":[{"name":"wp","href":"https:\/\/api.w.org\/{rel}","templated":true}]}}