{"id":3397,"date":"2023-11-29T15:45:06","date_gmt":"2023-11-29T14:45:06","guid":{"rendered":"https:\/\/lespucesdestju.fr\/?post_type=product&#038;p=3397"},"modified":"2024-07-18T13:52:33","modified_gmt":"2024-07-18T11:52:33","slug":"cavalier-et-chevaux","status":"publish","type":"product","link":"https:\/\/lespucesdestju.fr\/?product=cavalier-et-chevaux","title":{"rendered":"Cavalier et chevaux"},"content":{"rendered":"<p><span style=\"font-weight: 400;\">Huile sur toile, sc\u00e8ne d&rsquo;un soldat de cavalerie accompagnant un cheval non harnach\u00e9, ou en cours de d\u00e9bourrage.<\/span><\/p>\n<p><span style=\"font-weight: 400;\">Ecole Fin XIX\u00e8me. Traces de signature, en bas \u00e0 gauche.<\/span><\/p>\n<blockquote><p><i><span style=\"font-weight: 400;\">Dimensions ( H46,5 cm \/ L 30 cm)<\/span><\/i><\/p><\/blockquote>\n<p>&nbsp;<\/p>\n","protected":false},"excerpt":{"rendered":"<p>Huile sur toile, sc\u00e8ne d&rsquo;un soldat de cavalerie accompagnant un cheval non harnach\u00e9, ou en cours de d\u00e9bourrage. Ecole Fin&#8230;<\/p>\n","protected":false},"featured_media":3403,"comment_status":"open","ping_status":"closed","template":"","meta":[],"product_brand":[],"product_cat":[50,306],"product_tag":[56,97,100,217],"class_list":{"0":"post-3397","1":"product","2":"type-product","3":"status-publish","4":"has-post-thumbnail","6":"product_cat-art","7":"product_cat-tableaux-et-peintures","8":"product_tag-art","9":"product_tag-huile-sur-toile","10":"product_tag-peinture","11":"product_tag-toile","13":"first","14":"instock","15":"shipping-taxable","16":"purchasable","17":"product-type-simple"},"aioseo_notices":[],"jetpack_sharing_enabled":true,"_links":{"self":[{"href":"https:\/\/lespucesdestju.fr\/index.php?rest_route=\/wp\/v2\/product\/3397","targetHints":{"allow":["GET"]}}],"collection":[{"href":"https:\/\/lespucesdestju.fr\/index.php?rest_route=\/wp\/v2\/product"}],"about":[{"href":"https:\/\/lespucesdestju.fr\/index.php?rest_route=\/wp\/v2\/types\/product"}],"replies":[{"embeddable":true,"href":"https:\/\/lespucesdestju.fr\/index.php?rest_route=%2Fwp%2Fv2%2Fcomments&post=3397"}],"wp:featuredmedia":[{"embeddable":true,"href":"https:\/\/lespucesdestju.fr\/index.php?rest_route=\/wp\/v2\/media\/3403"}],"wp:attachment":[{"href":"https:\/\/lespucesdestju.fr\/index.php?rest_route=%2Fwp%2Fv2%2Fmedia&parent=3397"}],"wp:term":[{"taxonomy":"product_brand","embeddable":true,"href":"https:\/\/lespucesdestju.fr\/index.php?rest_route=%2Fwp%2Fv2%2Fproduct_brand&post=3397"},{"taxonomy":"product_cat","embeddable":true,"href":"https:\/\/lespucesdestju.fr\/index.php?rest_route=%2Fwp%2Fv2%2Fproduct_cat&post=3397"},{"taxonomy":"product_tag","embeddable":true,"href":"https:\/\/lespucesdestju.fr\/index.php?rest_route=%2Fwp%2Fv2%2Fproduct_tag&post=3397"}],"curies":[{"name":"wp","href":"https:\/\/api.w.org\/{rel}","templated":true}]}}