{"id":3356,"date":"2023-11-29T15:21:10","date_gmt":"2023-11-29T14:21:10","guid":{"rendered":"https:\/\/lespucesdestju.fr\/?post_type=product&#038;p=3356"},"modified":"2025-08-14T15:13:14","modified_gmt":"2025-08-14T13:13:14","slug":"marine-aquarelle","status":"publish","type":"product","link":"https:\/\/lespucesdestju.fr\/?product=marine-aquarelle","title":{"rendered":"Marine &#8211; Aquarelle"},"content":{"rendered":"<p><span style=\"font-weight: 400;\">Marine &#8211; Aquarelle. Ecole anglaise pour cette aquarelle de go\u00e9lette, du d\u00e9but XX\u00e8me. <\/span><\/p>\n<p><span style=\"font-weight: 400;\">\u201cAn\u00e9roide of Folkestone\u201d, dans un beau cadre ovale.<\/span><\/p>\n<p><span style=\"font-weight: 400;\">A signaler, mouillures, quelques \u00e9clats au cadre<\/span><\/p>\n<blockquote><p><i><span style=\"font-weight: 400;\">Dimensions ( H49,5 cm \/ L 58,5 cm) <\/span><\/i><\/p><\/blockquote>\n","protected":false},"excerpt":{"rendered":"<p>Marine &#8211; Aquarelle. Ecole anglaise pour cette aquarelle de go\u00e9lette, du d\u00e9but XX\u00e8me. \u201cAn\u00e9roide of Folkestone\u201d, dans un beau cadre&#8230;<\/p>\n","protected":false},"featured_media":3357,"comment_status":"open","ping_status":"closed","template":"","meta":[],"product_brand":[],"product_cat":[50,306],"product_tag":[163,56,118,101],"class_list":{"0":"post-3356","1":"product","2":"type-product","3":"status-publish","4":"has-post-thumbnail","6":"product_cat-art","7":"product_cat-tableaux-et-peintures","8":"product_tag-aquarelle","9":"product_tag-art","10":"product_tag-marine","11":"product_tag-tableau","13":"first","14":"outofstock","15":"shipping-taxable","16":"purchasable","17":"product-type-simple"},"aioseo_notices":[],"jetpack_sharing_enabled":true,"_links":{"self":[{"href":"https:\/\/lespucesdestju.fr\/index.php?rest_route=\/wp\/v2\/product\/3356","targetHints":{"allow":["GET"]}}],"collection":[{"href":"https:\/\/lespucesdestju.fr\/index.php?rest_route=\/wp\/v2\/product"}],"about":[{"href":"https:\/\/lespucesdestju.fr\/index.php?rest_route=\/wp\/v2\/types\/product"}],"replies":[{"embeddable":true,"href":"https:\/\/lespucesdestju.fr\/index.php?rest_route=%2Fwp%2Fv2%2Fcomments&post=3356"}],"wp:featuredmedia":[{"embeddable":true,"href":"https:\/\/lespucesdestju.fr\/index.php?rest_route=\/wp\/v2\/media\/3357"}],"wp:attachment":[{"href":"https:\/\/lespucesdestju.fr\/index.php?rest_route=%2Fwp%2Fv2%2Fmedia&parent=3356"}],"wp:term":[{"taxonomy":"product_brand","embeddable":true,"href":"https:\/\/lespucesdestju.fr\/index.php?rest_route=%2Fwp%2Fv2%2Fproduct_brand&post=3356"},{"taxonomy":"product_cat","embeddable":true,"href":"https:\/\/lespucesdestju.fr\/index.php?rest_route=%2Fwp%2Fv2%2Fproduct_cat&post=3356"},{"taxonomy":"product_tag","embeddable":true,"href":"https:\/\/lespucesdestju.fr\/index.php?rest_route=%2Fwp%2Fv2%2Fproduct_tag&post=3356"}],"curies":[{"name":"wp","href":"https:\/\/api.w.org\/{rel}","templated":true}]}}