{"id":3316,"date":"2023-11-29T14:34:04","date_gmt":"2023-11-29T13:34:04","guid":{"rendered":"https:\/\/lespucesdestju.fr\/?post_type=product&#038;p=3316"},"modified":"2024-07-18T12:23:28","modified_gmt":"2024-07-18T10:23:28","slug":"necessaire-de-fumeur-art-deco","status":"publish","type":"product","link":"https:\/\/lespucesdestju.fr\/?product=necessaire-de-fumeur-art-deco","title":{"rendered":"N\u00e9cessaire de fumeur Art D\u00e9co"},"content":{"rendered":"<p><span style=\"font-weight: 400;\">N\u00e9cessaire de fumeur Art D\u00e9co, tampon sous la base De Bruyn \u00e0 Five Lille. <\/span><\/p>\n<p><span style=\"font-weight: 400;\">Constitu\u00e9 d\u2019un plateau carr\u00e9 et de 4 pots \u00e0 section carr\u00e9 de taille d\u00e9croissante.\u00a0<\/span><\/p>\n<p><span style=\"font-weight: 400;\">Belle fa\u00efence vernie dans les tons bleus mouchet\u00e9s c\u00e9ladon et beige.<\/span><\/p>\n<p><span style=\"font-weight: 400;\">D\u00e9but XX\u00e8me.<\/span><\/p>\n<blockquote><p><i><span style=\"font-weight: 400;\">Dimensions ( longueur x Largeur x Hauteur) et poids (Kg) pour le plateaux: <\/span><\/i><b><i>voir informations compl\u00e9mentaires.<\/i><\/b><\/p><\/blockquote>\n","protected":false},"excerpt":{"rendered":"<p>N\u00e9cessaire de fumeur Art D\u00e9co, tampon sous la base De Bruyn \u00e0 Five Lille. Constitu\u00e9 d\u2019un plateau carr\u00e9 et de&#8230;<\/p>\n","protected":false},"featured_media":3317,"comment_status":"open","ping_status":"closed","template":"","meta":[],"product_brand":[],"product_cat":[37,292],"product_tag":[113,60,93],"class_list":{"0":"post-3316","1":"product","2":"type-product","3":"status-publish","4":"has-post-thumbnail","6":"product_cat-decoration","7":"product_cat-vases-pots-et-contenants","8":"product_tag-art-deco","9":"product_tag-decoration","10":"product_tag-faience","12":"first","13":"instock","14":"shipping-taxable","15":"purchasable","16":"product-type-simple"},"aioseo_notices":[],"jetpack_sharing_enabled":true,"_links":{"self":[{"href":"https:\/\/lespucesdestju.fr\/index.php?rest_route=\/wp\/v2\/product\/3316","targetHints":{"allow":["GET"]}}],"collection":[{"href":"https:\/\/lespucesdestju.fr\/index.php?rest_route=\/wp\/v2\/product"}],"about":[{"href":"https:\/\/lespucesdestju.fr\/index.php?rest_route=\/wp\/v2\/types\/product"}],"replies":[{"embeddable":true,"href":"https:\/\/lespucesdestju.fr\/index.php?rest_route=%2Fwp%2Fv2%2Fcomments&post=3316"}],"wp:featuredmedia":[{"embeddable":true,"href":"https:\/\/lespucesdestju.fr\/index.php?rest_route=\/wp\/v2\/media\/3317"}],"wp:attachment":[{"href":"https:\/\/lespucesdestju.fr\/index.php?rest_route=%2Fwp%2Fv2%2Fmedia&parent=3316"}],"wp:term":[{"taxonomy":"product_brand","embeddable":true,"href":"https:\/\/lespucesdestju.fr\/index.php?rest_route=%2Fwp%2Fv2%2Fproduct_brand&post=3316"},{"taxonomy":"product_cat","embeddable":true,"href":"https:\/\/lespucesdestju.fr\/index.php?rest_route=%2Fwp%2Fv2%2Fproduct_cat&post=3316"},{"taxonomy":"product_tag","embeddable":true,"href":"https:\/\/lespucesdestju.fr\/index.php?rest_route=%2Fwp%2Fv2%2Fproduct_tag&post=3316"}],"curies":[{"name":"wp","href":"https:\/\/api.w.org\/{rel}","templated":true}]}}