{"id":2974,"date":"2023-05-11T17:05:18","date_gmt":"2023-05-11T15:05:18","guid":{"rendered":"https:\/\/lespucesdestju.fr\/?post_type=product&#038;p=2974"},"modified":"2024-07-18T12:24:50","modified_gmt":"2024-07-18T10:24:50","slug":"boite-en-emaux-cloisonne","status":"publish","type":"product","link":"https:\/\/lespucesdestju.fr\/?product=boite-en-emaux-cloisonne","title":{"rendered":"Bo\u00eete en \u00e9maux cloisonn\u00e9"},"content":{"rendered":"<p><span style=\"font-weight: 400;\">Bo\u00eete en \u00e9maux cloisonn\u00e9 chinoise circulaire en cuivre et \u00e9maux, seconde moiti\u00e9 du XX\u00e8me.<\/span><\/p>\n<p><span style=\"font-weight: 400;\">Bon \u00e9tat.<\/span><\/p>\n<blockquote><p><i><span style=\"font-weight: 400;\">Dimensions ( longueur x Largeur x Hauteur) et poids (Kg) : <\/span><\/i><b><i>voir informations compl\u00e9mentaires.<\/i><\/b><\/p><\/blockquote>\n","protected":false},"excerpt":{"rendered":"<p>Bo\u00eete en \u00e9maux cloisonn\u00e9 chinoise circulaire en cuivre et \u00e9maux, seconde moiti\u00e9 du XX\u00e8me. Bon \u00e9tat. Dimensions ( longueur x&#8230;<\/p>\n","protected":false},"featured_media":2963,"comment_status":"open","ping_status":"closed","template":"","meta":[],"product_brand":[],"product_cat":[294,37],"product_tag":[74,60,136],"class_list":{"0":"post-2974","1":"product","2":"type-product","3":"status-publish","4":"has-post-thumbnail","6":"product_cat-boites-et-coffrets","7":"product_cat-decoration","8":"product_tag-boite","9":"product_tag-decoration","10":"product_tag-email","12":"first","13":"instock","14":"shipping-taxable","15":"purchasable","16":"product-type-simple"},"aioseo_notices":[],"jetpack_sharing_enabled":true,"_links":{"self":[{"href":"https:\/\/lespucesdestju.fr\/index.php?rest_route=\/wp\/v2\/product\/2974","targetHints":{"allow":["GET"]}}],"collection":[{"href":"https:\/\/lespucesdestju.fr\/index.php?rest_route=\/wp\/v2\/product"}],"about":[{"href":"https:\/\/lespucesdestju.fr\/index.php?rest_route=\/wp\/v2\/types\/product"}],"replies":[{"embeddable":true,"href":"https:\/\/lespucesdestju.fr\/index.php?rest_route=%2Fwp%2Fv2%2Fcomments&post=2974"}],"wp:featuredmedia":[{"embeddable":true,"href":"https:\/\/lespucesdestju.fr\/index.php?rest_route=\/wp\/v2\/media\/2963"}],"wp:attachment":[{"href":"https:\/\/lespucesdestju.fr\/index.php?rest_route=%2Fwp%2Fv2%2Fmedia&parent=2974"}],"wp:term":[{"taxonomy":"product_brand","embeddable":true,"href":"https:\/\/lespucesdestju.fr\/index.php?rest_route=%2Fwp%2Fv2%2Fproduct_brand&post=2974"},{"taxonomy":"product_cat","embeddable":true,"href":"https:\/\/lespucesdestju.fr\/index.php?rest_route=%2Fwp%2Fv2%2Fproduct_cat&post=2974"},{"taxonomy":"product_tag","embeddable":true,"href":"https:\/\/lespucesdestju.fr\/index.php?rest_route=%2Fwp%2Fv2%2Fproduct_tag&post=2974"}],"curies":[{"name":"wp","href":"https:\/\/api.w.org\/{rel}","templated":true}]}}