{"id":2838,"date":"2023-04-02T17:51:54","date_gmt":"2023-04-02T15:51:54","guid":{"rendered":"https:\/\/lespucesdestju.fr\/?post_type=product&#038;p=2838"},"modified":"2024-07-18T12:27:25","modified_gmt":"2024-07-18T10:27:25","slug":"bougeoir-christofle-gallia","status":"publish","type":"product","link":"https:\/\/lespucesdestju.fr\/?product=bougeoir-christofle-gallia","title":{"rendered":"Bougeoir Christofle Gallia"},"content":{"rendered":"<p><span style=\"font-weight: 400;\">Bougeoir Christofle de la collection Gallia, en m\u00e9tal argent\u00e9.<\/span><\/p>\n<p><span style=\"font-weight: 400;\">Par le designer Lino Sabattini (1925-2016).<\/span><\/p>\n<p><span style=\"font-weight: 400;\"> Bon \u00e9tat.<\/span><\/p>\n","protected":false},"excerpt":{"rendered":"<p>Bougeoir Christofle de la collection Gallia, en m\u00e9tal argent\u00e9. Par le designer Lino Sabattini (1925-2016). Bon \u00e9tat.<\/p>\n","protected":false},"featured_media":2839,"comment_status":"open","ping_status":"closed","template":"","meta":[],"product_brand":[],"product_cat":[37,47],"product_tag":[114,60,112],"class_list":{"0":"post-2838","1":"product","2":"type-product","3":"status-publish","4":"has-post-thumbnail","6":"product_cat-decoration","7":"product_cat-objets-divers-et-bibelots","8":"product_tag-bougeoir","9":"product_tag-decoration","10":"product_tag-metal-argente","12":"first","13":"instock","14":"shipping-taxable","15":"purchasable","16":"product-type-simple"},"aioseo_notices":[],"jetpack_sharing_enabled":true,"_links":{"self":[{"href":"https:\/\/lespucesdestju.fr\/index.php?rest_route=\/wp\/v2\/product\/2838","targetHints":{"allow":["GET"]}}],"collection":[{"href":"https:\/\/lespucesdestju.fr\/index.php?rest_route=\/wp\/v2\/product"}],"about":[{"href":"https:\/\/lespucesdestju.fr\/index.php?rest_route=\/wp\/v2\/types\/product"}],"replies":[{"embeddable":true,"href":"https:\/\/lespucesdestju.fr\/index.php?rest_route=%2Fwp%2Fv2%2Fcomments&post=2838"}],"wp:featuredmedia":[{"embeddable":true,"href":"https:\/\/lespucesdestju.fr\/index.php?rest_route=\/wp\/v2\/media\/2839"}],"wp:attachment":[{"href":"https:\/\/lespucesdestju.fr\/index.php?rest_route=%2Fwp%2Fv2%2Fmedia&parent=2838"}],"wp:term":[{"taxonomy":"product_brand","embeddable":true,"href":"https:\/\/lespucesdestju.fr\/index.php?rest_route=%2Fwp%2Fv2%2Fproduct_brand&post=2838"},{"taxonomy":"product_cat","embeddable":true,"href":"https:\/\/lespucesdestju.fr\/index.php?rest_route=%2Fwp%2Fv2%2Fproduct_cat&post=2838"},{"taxonomy":"product_tag","embeddable":true,"href":"https:\/\/lespucesdestju.fr\/index.php?rest_route=%2Fwp%2Fv2%2Fproduct_tag&post=2838"}],"curies":[{"name":"wp","href":"https:\/\/api.w.org\/{rel}","templated":true}]}}