{"id":2772,"date":"2023-03-12T12:35:23","date_gmt":"2023-03-12T11:35:23","guid":{"rendered":"https:\/\/lespucesdestju.fr\/?post_type=product&#038;p=2772"},"modified":"2024-11-11T16:45:22","modified_gmt":"2024-11-11T15:45:22","slug":"service-a-cafe-bernardaud-c","status":"publish","type":"product","link":"https:\/\/lespucesdestju.fr\/?product=service-a-cafe-bernardaud-c","title":{"rendered":"Service \u00e0 caf\u00e9 Bernardaud &amp; C"},"content":{"rendered":"<p><span style=\"font-weight: 400;\">Partie de service \u00e0 caf\u00e9 Limoges France S.L. pour Bernardaud &amp; Compagnie. <\/span><\/p>\n<p><span style=\"font-weight: 400;\">Tr\u00e8s belle qualit\u00e9 de finition pour ce service en porcelaine fine blanche, \u00e0 d\u00e9cors de frises et filets or.<\/span><\/p>\n<p><span style=\"font-weight: 400;\">Compos\u00e9 de 11 tasses et sous-tasses, 1 cafeti\u00e8re et un pot \u00e0 lait. <\/span><\/p>\n<p><span style=\"font-weight: 400;\">L<\/span><span style=\"font-weight: 400;\">e tout en tr\u00e8s bel \u00e9tat. Milieu XX\u00e8me. <\/span><\/p>\n","protected":false},"excerpt":{"rendered":"<p>Partie de service \u00e0 caf\u00e9 Limoges France S.L. pour Bernardaud &amp; Compagnie. Tr\u00e8s belle qualit\u00e9 de finition pour ce service&#8230;<\/p>\n","protected":false},"featured_media":2773,"comment_status":"open","ping_status":"closed","template":"","meta":[],"product_brand":[],"product_cat":[15,295],"product_tag":[66,139,138],"class_list":{"0":"post-2772","1":"product","2":"type-product","3":"status-publish","4":"has-post-thumbnail","6":"product_cat-art-de-la-table","7":"product_cat-services","8":"product_tag-art-de-la-table","9":"product_tag-porcelaine","10":"product_tag-service-a-cafe","12":"first","13":"instock","14":"sale","15":"shipping-taxable","16":"purchasable","17":"product-type-simple"},"aioseo_notices":[],"jetpack_sharing_enabled":true,"_links":{"self":[{"href":"https:\/\/lespucesdestju.fr\/index.php?rest_route=\/wp\/v2\/product\/2772","targetHints":{"allow":["GET"]}}],"collection":[{"href":"https:\/\/lespucesdestju.fr\/index.php?rest_route=\/wp\/v2\/product"}],"about":[{"href":"https:\/\/lespucesdestju.fr\/index.php?rest_route=\/wp\/v2\/types\/product"}],"replies":[{"embeddable":true,"href":"https:\/\/lespucesdestju.fr\/index.php?rest_route=%2Fwp%2Fv2%2Fcomments&post=2772"}],"wp:featuredmedia":[{"embeddable":true,"href":"https:\/\/lespucesdestju.fr\/index.php?rest_route=\/wp\/v2\/media\/2773"}],"wp:attachment":[{"href":"https:\/\/lespucesdestju.fr\/index.php?rest_route=%2Fwp%2Fv2%2Fmedia&parent=2772"}],"wp:term":[{"taxonomy":"product_brand","embeddable":true,"href":"https:\/\/lespucesdestju.fr\/index.php?rest_route=%2Fwp%2Fv2%2Fproduct_brand&post=2772"},{"taxonomy":"product_cat","embeddable":true,"href":"https:\/\/lespucesdestju.fr\/index.php?rest_route=%2Fwp%2Fv2%2Fproduct_cat&post=2772"},{"taxonomy":"product_tag","embeddable":true,"href":"https:\/\/lespucesdestju.fr\/index.php?rest_route=%2Fwp%2Fv2%2Fproduct_tag&post=2772"}],"curies":[{"name":"wp","href":"https:\/\/api.w.org\/{rel}","templated":true}]}}