{"id":2716,"date":"2023-03-03T17:52:43","date_gmt":"2023-03-03T16:52:43","guid":{"rendered":"https:\/\/lespucesdestju.fr\/?post_type=product&#038;p=2716"},"modified":"2023-03-03T17:52:44","modified_gmt":"2023-03-03T16:52:44","slug":"lampe-mazda","status":"publish","type":"product","link":"https:\/\/lespucesdestju.fr\/?product=lampe-mazda","title":{"rendered":"Lampe MAZDA"},"content":{"rendered":"<p><span style=\"font-weight: 400;\">Lampe MAZDA, pied tourn\u00e9 en bois, garnitures et m\u00e9canisme en cuivre, avec son opaline caract\u00e9ristique et interrupteur \u00e0 cha\u00eenette.<\/span><\/p>\n<p><span style=\"font-weight: 400;\"> \u00c9lectrification r\u00e9vis\u00e9e. <\/span><\/p>\n<p><span style=\"font-weight: 400;\">Milieu XIX\u00e8me.<\/span><\/p>\n<p><span style=\"font-weight: 400;\"> Ancienne \u00e9tiquette sous le pied. <\/span><\/p>\n<p><span style=\"font-weight: 400;\">Bon \u00e9tat,<\/span><\/p>\n","protected":false},"excerpt":{"rendered":"<p>Lampe MAZDA, pied tourn\u00e9 en bois, garnitures et m\u00e9canisme en cuivre, avec son opaline caract\u00e9ristique et interrupteur \u00e0 cha\u00eenette. \u00c9lectrification&#8230;<\/p>\n","protected":false},"featured_media":2717,"comment_status":"open","ping_status":"closed","template":"","meta":[],"product_brand":[],"product_cat":[46],"product_tag":[86,134,76,144,121],"class_list":{"0":"post-2716","1":"product","2":"type-product","3":"status-publish","4":"has-post-thumbnail","6":"product_cat-luminaires-et-eclairages","7":"product_tag-bois","8":"product_tag-cuivre","9":"product_tag-lampe","10":"product_tag-luminaires","11":"product_tag-opaline","13":"first","14":"instock","15":"shipping-taxable","16":"purchasable","17":"product-type-simple"},"aioseo_notices":[],"jetpack_sharing_enabled":true,"_links":{"self":[{"href":"https:\/\/lespucesdestju.fr\/index.php?rest_route=\/wp\/v2\/product\/2716","targetHints":{"allow":["GET"]}}],"collection":[{"href":"https:\/\/lespucesdestju.fr\/index.php?rest_route=\/wp\/v2\/product"}],"about":[{"href":"https:\/\/lespucesdestju.fr\/index.php?rest_route=\/wp\/v2\/types\/product"}],"replies":[{"embeddable":true,"href":"https:\/\/lespucesdestju.fr\/index.php?rest_route=%2Fwp%2Fv2%2Fcomments&post=2716"}],"wp:featuredmedia":[{"embeddable":true,"href":"https:\/\/lespucesdestju.fr\/index.php?rest_route=\/wp\/v2\/media\/2717"}],"wp:attachment":[{"href":"https:\/\/lespucesdestju.fr\/index.php?rest_route=%2Fwp%2Fv2%2Fmedia&parent=2716"}],"wp:term":[{"taxonomy":"product_brand","embeddable":true,"href":"https:\/\/lespucesdestju.fr\/index.php?rest_route=%2Fwp%2Fv2%2Fproduct_brand&post=2716"},{"taxonomy":"product_cat","embeddable":true,"href":"https:\/\/lespucesdestju.fr\/index.php?rest_route=%2Fwp%2Fv2%2Fproduct_cat&post=2716"},{"taxonomy":"product_tag","embeddable":true,"href":"https:\/\/lespucesdestju.fr\/index.php?rest_route=%2Fwp%2Fv2%2Fproduct_tag&post=2716"}],"curies":[{"name":"wp","href":"https:\/\/api.w.org\/{rel}","templated":true}]}}