{"id":2655,"date":"2023-02-24T15:09:48","date_gmt":"2023-02-24T14:09:48","guid":{"rendered":"https:\/\/lespucesdestju.fr\/?post_type=product&#038;p=2655"},"modified":"2024-07-18T13:35:40","modified_gmt":"2024-07-18T11:35:40","slug":"flacons-a-soja","status":"publish","type":"product","link":"https:\/\/lespucesdestju.fr\/?product=flacons-a-soja","title":{"rendered":"Flacons \u00e0 Soja"},"content":{"rendered":"<p><span style=\"font-weight: 400;\">Paires de flacons asiatiques \u00e0 soja en fa\u00efence polychrome.<\/span><\/p>\n<p><span style=\"font-weight: 400;\">D\u00e9cors de coqs et v\u00e9g\u00e9taux XX\u00e8me, bon \u00e9tat.<\/span><\/p>\n","protected":false},"excerpt":{"rendered":"<p>Paires de flacons asiatiques \u00e0 soja en fa\u00efence polychrome. D\u00e9cors de coqs et v\u00e9g\u00e9taux XX\u00e8me, bon \u00e9tat.<\/p>\n","protected":false},"featured_media":2656,"comment_status":"open","ping_status":"closed","template":"","meta":[],"product_brand":[],"product_cat":[15,297],"product_tag":[66,93,166],"class_list":{"0":"post-2655","1":"product","2":"type-product","3":"status-publish","4":"has-post-thumbnail","6":"product_cat-art-de-la-table","7":"product_cat-contenants","8":"product_tag-art-de-la-table","9":"product_tag-faience","10":"product_tag-flacon","12":"first","13":"instock","14":"shipping-taxable","15":"purchasable","16":"product-type-simple"},"aioseo_notices":[],"jetpack_sharing_enabled":true,"_links":{"self":[{"href":"https:\/\/lespucesdestju.fr\/index.php?rest_route=\/wp\/v2\/product\/2655","targetHints":{"allow":["GET"]}}],"collection":[{"href":"https:\/\/lespucesdestju.fr\/index.php?rest_route=\/wp\/v2\/product"}],"about":[{"href":"https:\/\/lespucesdestju.fr\/index.php?rest_route=\/wp\/v2\/types\/product"}],"replies":[{"embeddable":true,"href":"https:\/\/lespucesdestju.fr\/index.php?rest_route=%2Fwp%2Fv2%2Fcomments&post=2655"}],"wp:featuredmedia":[{"embeddable":true,"href":"https:\/\/lespucesdestju.fr\/index.php?rest_route=\/wp\/v2\/media\/2656"}],"wp:attachment":[{"href":"https:\/\/lespucesdestju.fr\/index.php?rest_route=%2Fwp%2Fv2%2Fmedia&parent=2655"}],"wp:term":[{"taxonomy":"product_brand","embeddable":true,"href":"https:\/\/lespucesdestju.fr\/index.php?rest_route=%2Fwp%2Fv2%2Fproduct_brand&post=2655"},{"taxonomy":"product_cat","embeddable":true,"href":"https:\/\/lespucesdestju.fr\/index.php?rest_route=%2Fwp%2Fv2%2Fproduct_cat&post=2655"},{"taxonomy":"product_tag","embeddable":true,"href":"https:\/\/lespucesdestju.fr\/index.php?rest_route=%2Fwp%2Fv2%2Fproduct_tag&post=2655"}],"curies":[{"name":"wp","href":"https:\/\/api.w.org\/{rel}","templated":true}]}}