{"id":2533,"date":"2023-02-10T17:42:06","date_gmt":"2023-02-10T16:42:06","guid":{"rendered":"https:\/\/lespucesdestju.fr\/?post_type=product&#038;p=2533"},"modified":"2024-07-18T12:28:12","modified_gmt":"2024-07-18T10:28:12","slug":"paire-de-serre-livres-sangliers","status":"publish","type":"product","link":"https:\/\/lespucesdestju.fr\/?product=paire-de-serre-livres-sangliers","title":{"rendered":"Paire de serre-livres \u201cSangliers\u201d"},"content":{"rendered":"<p><span style=\"font-weight: 400;\">Paire de serre-livre \u00e0 d\u00e9cor de sangliers en r\u00e9gule cuivr\u00e9.<\/span><\/p>\n<p><span style=\"font-weight: 400;\"> Beau marbre vein\u00e9 gris taupe.<\/span><\/p>\n<p><span style=\"font-weight: 400;\"> Bel \u00e9tat. <\/span><\/p>\n<p><span style=\"font-weight: 400;\">Milieu XXi\u00e8me.<\/span><\/p>\n","protected":false},"excerpt":{"rendered":"<p>Paire de serre-livre \u00e0 d\u00e9cor de sangliers en r\u00e9gule cuivr\u00e9. Beau marbre vein\u00e9 gris taupe. Bel \u00e9tat. Milieu XXi\u00e8me.<\/p>\n","protected":false},"featured_media":2534,"comment_status":"open","ping_status":"closed","template":"","meta":[],"product_brand":[],"product_cat":[37,47],"product_tag":[134,60,87],"class_list":{"0":"post-2533","1":"product","2":"type-product","3":"status-publish","4":"has-post-thumbnail","6":"product_cat-decoration","7":"product_cat-objets-divers-et-bibelots","8":"product_tag-cuivre","9":"product_tag-decoration","10":"product_tag-marbre","12":"first","13":"instock","14":"shipping-taxable","15":"purchasable","16":"product-type-simple"},"aioseo_notices":[],"jetpack_sharing_enabled":true,"_links":{"self":[{"href":"https:\/\/lespucesdestju.fr\/index.php?rest_route=\/wp\/v2\/product\/2533","targetHints":{"allow":["GET"]}}],"collection":[{"href":"https:\/\/lespucesdestju.fr\/index.php?rest_route=\/wp\/v2\/product"}],"about":[{"href":"https:\/\/lespucesdestju.fr\/index.php?rest_route=\/wp\/v2\/types\/product"}],"replies":[{"embeddable":true,"href":"https:\/\/lespucesdestju.fr\/index.php?rest_route=%2Fwp%2Fv2%2Fcomments&post=2533"}],"wp:featuredmedia":[{"embeddable":true,"href":"https:\/\/lespucesdestju.fr\/index.php?rest_route=\/wp\/v2\/media\/2534"}],"wp:attachment":[{"href":"https:\/\/lespucesdestju.fr\/index.php?rest_route=%2Fwp%2Fv2%2Fmedia&parent=2533"}],"wp:term":[{"taxonomy":"product_brand","embeddable":true,"href":"https:\/\/lespucesdestju.fr\/index.php?rest_route=%2Fwp%2Fv2%2Fproduct_brand&post=2533"},{"taxonomy":"product_cat","embeddable":true,"href":"https:\/\/lespucesdestju.fr\/index.php?rest_route=%2Fwp%2Fv2%2Fproduct_cat&post=2533"},{"taxonomy":"product_tag","embeddable":true,"href":"https:\/\/lespucesdestju.fr\/index.php?rest_route=%2Fwp%2Fv2%2Fproduct_tag&post=2533"}],"curies":[{"name":"wp","href":"https:\/\/api.w.org\/{rel}","templated":true}]}}