{"id":2507,"date":"2023-01-26T16:47:06","date_gmt":"2023-01-26T15:47:06","guid":{"rendered":"https:\/\/lespucesdestju.fr\/?post_type=product&#038;p=2507"},"modified":"2025-07-30T11:52:38","modified_gmt":"2025-07-30T09:52:38","slug":"lampe-de-style-tiffany-2","status":"publish","type":"product","link":"https:\/\/lespucesdestju.fr\/?product=lampe-de-style-tiffany-2","title":{"rendered":"Lampe de style Tiffany"},"content":{"rendered":"<p><span style=\"font-weight: 400;\">Grande lampe 1900. Constitu\u00e9e d\u2019un beau pied en m\u00e9tal cannel\u00e9, \u00e0 enroulements et palmettes en bronze cisel\u00e9 dor\u00e9. <\/span><\/p>\n<p><span style=\"font-weight: 400;\">Base carr\u00e9e moulur\u00e9e en onyx vert, ( \u00c9poque XIX\/XX\u00e8me).<\/span><\/p>\n<p><span style=\"font-weight: 400;\"> Bel abat-jour de style Tiffany, p\u00e2te de verre et cabochons ambr\u00e9s, en bon \u00e9tat<\/span><\/p>\n","protected":false},"excerpt":{"rendered":"<p>Grande lampe 1900. Constitu\u00e9e d\u2019un beau pied en m\u00e9tal cannel\u00e9, \u00e0 enroulements et palmettes en bronze cisel\u00e9 dor\u00e9. Base carr\u00e9e&#8230;<\/p>\n","protected":false},"featured_media":2508,"comment_status":"open","ping_status":"closed","template":"","meta":[],"product_brand":[],"product_cat":[46],"product_tag":[70,76,131,62],"class_list":{"0":"post-2507","1":"product","2":"type-product","3":"status-publish","4":"has-post-thumbnail","6":"product_cat-luminaires-et-eclairages","7":"product_tag-bronze","8":"product_tag-lampe","9":"product_tag-luminaire","10":"product_tag-metal","12":"first","13":"instock","14":"shipping-taxable","15":"purchasable","16":"product-type-simple"},"aioseo_notices":[],"jetpack_sharing_enabled":true,"_links":{"self":[{"href":"https:\/\/lespucesdestju.fr\/index.php?rest_route=\/wp\/v2\/product\/2507","targetHints":{"allow":["GET"]}}],"collection":[{"href":"https:\/\/lespucesdestju.fr\/index.php?rest_route=\/wp\/v2\/product"}],"about":[{"href":"https:\/\/lespucesdestju.fr\/index.php?rest_route=\/wp\/v2\/types\/product"}],"replies":[{"embeddable":true,"href":"https:\/\/lespucesdestju.fr\/index.php?rest_route=%2Fwp%2Fv2%2Fcomments&post=2507"}],"wp:featuredmedia":[{"embeddable":true,"href":"https:\/\/lespucesdestju.fr\/index.php?rest_route=\/wp\/v2\/media\/2508"}],"wp:attachment":[{"href":"https:\/\/lespucesdestju.fr\/index.php?rest_route=%2Fwp%2Fv2%2Fmedia&parent=2507"}],"wp:term":[{"taxonomy":"product_brand","embeddable":true,"href":"https:\/\/lespucesdestju.fr\/index.php?rest_route=%2Fwp%2Fv2%2Fproduct_brand&post=2507"},{"taxonomy":"product_cat","embeddable":true,"href":"https:\/\/lespucesdestju.fr\/index.php?rest_route=%2Fwp%2Fv2%2Fproduct_cat&post=2507"},{"taxonomy":"product_tag","embeddable":true,"href":"https:\/\/lespucesdestju.fr\/index.php?rest_route=%2Fwp%2Fv2%2Fproduct_tag&post=2507"}],"curies":[{"name":"wp","href":"https:\/\/api.w.org\/{rel}","templated":true}]}}