{"id":2412,"date":"2022-12-27T15:54:21","date_gmt":"2022-12-27T14:54:21","guid":{"rendered":"https:\/\/lespucesdestju.fr\/?post_type=product&#038;p=2412"},"modified":"2024-07-18T15:19:05","modified_gmt":"2024-07-18T13:19:05","slug":"vase-damasquine-moyen-orient","status":"publish","type":"product","link":"https:\/\/lespucesdestju.fr\/?product=vase-damasquine-moyen-orient","title":{"rendered":"Vase damasquin\u00e9 Moyen orient"},"content":{"rendered":"<p><span style=\"font-weight: 400;\">Petit vase damasquin\u00e9 en bronze nickel\u00e9, origine moyen orient.<\/span><\/p>\n<p><span style=\"font-weight: 400;\">20i\u00e8me si\u00e8cle<\/span><\/p>\n<p>&nbsp;<\/p>\n","protected":false},"excerpt":{"rendered":"<p>Petit vase damasquin\u00e9 en bronze nickel\u00e9, origine moyen orient. 20i\u00e8me si\u00e8cle &nbsp;<\/p>\n","protected":false},"featured_media":2413,"comment_status":"open","ping_status":"closed","template":"","meta":[],"product_brand":[],"product_cat":[37,292],"product_tag":[70,60,59],"class_list":{"0":"post-2412","1":"product","2":"type-product","3":"status-publish","4":"has-post-thumbnail","6":"product_cat-decoration","7":"product_cat-vases-pots-et-contenants","8":"product_tag-bronze","9":"product_tag-decoration","10":"product_tag-vase","12":"first","13":"instock","14":"shipping-taxable","15":"purchasable","16":"product-type-simple"},"aioseo_notices":[],"jetpack_sharing_enabled":true,"_links":{"self":[{"href":"https:\/\/lespucesdestju.fr\/index.php?rest_route=\/wp\/v2\/product\/2412","targetHints":{"allow":["GET"]}}],"collection":[{"href":"https:\/\/lespucesdestju.fr\/index.php?rest_route=\/wp\/v2\/product"}],"about":[{"href":"https:\/\/lespucesdestju.fr\/index.php?rest_route=\/wp\/v2\/types\/product"}],"replies":[{"embeddable":true,"href":"https:\/\/lespucesdestju.fr\/index.php?rest_route=%2Fwp%2Fv2%2Fcomments&post=2412"}],"wp:featuredmedia":[{"embeddable":true,"href":"https:\/\/lespucesdestju.fr\/index.php?rest_route=\/wp\/v2\/media\/2413"}],"wp:attachment":[{"href":"https:\/\/lespucesdestju.fr\/index.php?rest_route=%2Fwp%2Fv2%2Fmedia&parent=2412"}],"wp:term":[{"taxonomy":"product_brand","embeddable":true,"href":"https:\/\/lespucesdestju.fr\/index.php?rest_route=%2Fwp%2Fv2%2Fproduct_brand&post=2412"},{"taxonomy":"product_cat","embeddable":true,"href":"https:\/\/lespucesdestju.fr\/index.php?rest_route=%2Fwp%2Fv2%2Fproduct_cat&post=2412"},{"taxonomy":"product_tag","embeddable":true,"href":"https:\/\/lespucesdestju.fr\/index.php?rest_route=%2Fwp%2Fv2%2Fproduct_tag&post=2412"}],"curies":[{"name":"wp","href":"https:\/\/api.w.org\/{rel}","templated":true}]}}