{"id":2379,"date":"2022-12-17T16:16:45","date_gmt":"2022-12-17T15:16:45","guid":{"rendered":"https:\/\/lespucesdestju.fr\/?post_type=product&#038;p=2379"},"modified":"2026-01-04T16:59:50","modified_gmt":"2026-01-04T15:59:50","slug":"ceramique-art-deco","status":"publish","type":"product","link":"https:\/\/lespucesdestju.fr\/?product=ceramique-art-deco","title":{"rendered":"C\u00e9ramique Art D\u00e9co"},"content":{"rendered":"<p><span style=\"font-weight: 400;\">Groupe animalier en c\u00e9ramique aux gazelles, par Charles Lemanceau. <\/span><\/p>\n<p><span style=\"font-weight: 400;\">D\u00e9but 20i\u00e8me.<\/span><\/p>\n","protected":false},"excerpt":{"rendered":"<p>Groupe animalier en c\u00e9ramique aux gazelles, par Charles Lemanceau. D\u00e9but 20i\u00e8me.<\/p>\n","protected":false},"featured_media":2380,"comment_status":"open","ping_status":"closed","template":"","meta":[],"product_brand":[],"product_cat":[50,309],"product_tag":[61,60],"class_list":{"0":"post-2379","1":"product","2":"type-product","3":"status-publish","4":"has-post-thumbnail","6":"product_cat-art","7":"product_cat-sculptures","8":"product_tag-ceramique","9":"product_tag-decoration","11":"first","12":"outofstock","13":"shipping-taxable","14":"purchasable","15":"product-type-simple"},"aioseo_notices":[],"jetpack_sharing_enabled":true,"_links":{"self":[{"href":"https:\/\/lespucesdestju.fr\/index.php?rest_route=\/wp\/v2\/product\/2379","targetHints":{"allow":["GET"]}}],"collection":[{"href":"https:\/\/lespucesdestju.fr\/index.php?rest_route=\/wp\/v2\/product"}],"about":[{"href":"https:\/\/lespucesdestju.fr\/index.php?rest_route=\/wp\/v2\/types\/product"}],"replies":[{"embeddable":true,"href":"https:\/\/lespucesdestju.fr\/index.php?rest_route=%2Fwp%2Fv2%2Fcomments&post=2379"}],"wp:featuredmedia":[{"embeddable":true,"href":"https:\/\/lespucesdestju.fr\/index.php?rest_route=\/wp\/v2\/media\/2380"}],"wp:attachment":[{"href":"https:\/\/lespucesdestju.fr\/index.php?rest_route=%2Fwp%2Fv2%2Fmedia&parent=2379"}],"wp:term":[{"taxonomy":"product_brand","embeddable":true,"href":"https:\/\/lespucesdestju.fr\/index.php?rest_route=%2Fwp%2Fv2%2Fproduct_brand&post=2379"},{"taxonomy":"product_cat","embeddable":true,"href":"https:\/\/lespucesdestju.fr\/index.php?rest_route=%2Fwp%2Fv2%2Fproduct_cat&post=2379"},{"taxonomy":"product_tag","embeddable":true,"href":"https:\/\/lespucesdestju.fr\/index.php?rest_route=%2Fwp%2Fv2%2Fproduct_tag&post=2379"}],"curies":[{"name":"wp","href":"https:\/\/api.w.org\/{rel}","templated":true}]}}