{"id":2318,"date":"2022-12-13T17:51:31","date_gmt":"2022-12-13T16:51:31","guid":{"rendered":"https:\/\/lespucesdestju.fr\/?post_type=product&#038;p=2318"},"modified":"2024-07-18T12:29:56","modified_gmt":"2024-07-18T10:29:56","slug":"console-murale-chene-sculpte","status":"publish","type":"product","link":"https:\/\/lespucesdestju.fr\/?product=console-murale-chene-sculpte","title":{"rendered":"Console murale ch\u00eane sculpt\u00e9"},"content":{"rendered":"<p><span style=\"font-weight: 400;\">Console murale en ch\u00eane sculpt\u00e9 \u00e0 t\u00eate de faune cornu. <\/span><\/p>\n<p><span style=\"font-weight: 400;\">Tr\u00e8s belle r\u00e9alisation, sculpt\u00e9e dans la masse ( pour la t\u00eate et les cornes). <\/span><\/p>\n<p><span style=\"font-weight: 400;\">Mod\u00e8le r\u00e9alis\u00e9 par <\/span><b>Norge <\/b><b>BAZZI<\/b><span style=\"font-weight: 400;\">, grand prix d\u00e9partemental des m\u00e9tiers d&rsquo;art 1984 \u00e0 Annemasse (74100)<\/span><\/p>\n<p>&nbsp;<\/p>\n","protected":false},"excerpt":{"rendered":"<p>Console murale en ch\u00eane sculpt\u00e9 \u00e0 t\u00eate de faune cornu. Tr\u00e8s belle r\u00e9alisation, sculpt\u00e9e dans la masse ( pour la&#8230;<\/p>\n","protected":false},"featured_media":2319,"comment_status":"open","ping_status":"closed","template":"","meta":[],"product_brand":[],"product_cat":[48,37],"product_tag":[86,161,63,64],"class_list":{"0":"post-2318","1":"product","2":"type-product","3":"status-publish","4":"has-post-thumbnail","6":"product_cat-curiosite","7":"product_cat-decoration","8":"product_tag-bois","9":"product_tag-console-murale","10":"product_tag-curiosite","11":"product_tag-sculpture","13":"first","14":"instock","15":"shipping-taxable","16":"purchasable","17":"product-type-simple"},"aioseo_notices":[],"jetpack_sharing_enabled":true,"_links":{"self":[{"href":"https:\/\/lespucesdestju.fr\/index.php?rest_route=\/wp\/v2\/product\/2318","targetHints":{"allow":["GET"]}}],"collection":[{"href":"https:\/\/lespucesdestju.fr\/index.php?rest_route=\/wp\/v2\/product"}],"about":[{"href":"https:\/\/lespucesdestju.fr\/index.php?rest_route=\/wp\/v2\/types\/product"}],"replies":[{"embeddable":true,"href":"https:\/\/lespucesdestju.fr\/index.php?rest_route=%2Fwp%2Fv2%2Fcomments&post=2318"}],"wp:featuredmedia":[{"embeddable":true,"href":"https:\/\/lespucesdestju.fr\/index.php?rest_route=\/wp\/v2\/media\/2319"}],"wp:attachment":[{"href":"https:\/\/lespucesdestju.fr\/index.php?rest_route=%2Fwp%2Fv2%2Fmedia&parent=2318"}],"wp:term":[{"taxonomy":"product_brand","embeddable":true,"href":"https:\/\/lespucesdestju.fr\/index.php?rest_route=%2Fwp%2Fv2%2Fproduct_brand&post=2318"},{"taxonomy":"product_cat","embeddable":true,"href":"https:\/\/lespucesdestju.fr\/index.php?rest_route=%2Fwp%2Fv2%2Fproduct_cat&post=2318"},{"taxonomy":"product_tag","embeddable":true,"href":"https:\/\/lespucesdestju.fr\/index.php?rest_route=%2Fwp%2Fv2%2Fproduct_tag&post=2318"}],"curies":[{"name":"wp","href":"https:\/\/api.w.org\/{rel}","templated":true}]}}