{"id":2305,"date":"2022-12-08T17:28:00","date_gmt":"2022-12-08T16:28:00","guid":{"rendered":"https:\/\/lespucesdestju.fr\/?post_type=product&#038;p=2305"},"modified":"2024-07-18T12:30:03","modified_gmt":"2024-07-18T10:30:03","slug":"vase-imari","status":"publish","type":"product","link":"https:\/\/lespucesdestju.fr\/?product=vase-imari","title":{"rendered":"Vase IMARI"},"content":{"rendered":"<p><span style=\"font-weight: 400;\">Vase balustre asiatique \u00e0 d\u00e9cor IMARI.<\/span><\/p>\n<p>20i\u00e8me si\u00e8cle.<\/p>\n","protected":false},"excerpt":{"rendered":"<p>Vase balustre asiatique \u00e0 d\u00e9cor IMARI. 20i\u00e8me si\u00e8cle.<\/p>\n","protected":false},"featured_media":2306,"comment_status":"open","ping_status":"closed","template":"","meta":[],"product_brand":[],"product_cat":[37,292],"product_tag":[61,60,59],"class_list":{"0":"post-2305","1":"product","2":"type-product","3":"status-publish","4":"has-post-thumbnail","6":"product_cat-decoration","7":"product_cat-vases-pots-et-contenants","8":"product_tag-ceramique","9":"product_tag-decoration","10":"product_tag-vase","12":"first","13":"instock","14":"shipping-taxable","15":"purchasable","16":"product-type-simple"},"aioseo_notices":[],"jetpack_sharing_enabled":true,"_links":{"self":[{"href":"https:\/\/lespucesdestju.fr\/index.php?rest_route=\/wp\/v2\/product\/2305","targetHints":{"allow":["GET"]}}],"collection":[{"href":"https:\/\/lespucesdestju.fr\/index.php?rest_route=\/wp\/v2\/product"}],"about":[{"href":"https:\/\/lespucesdestju.fr\/index.php?rest_route=\/wp\/v2\/types\/product"}],"replies":[{"embeddable":true,"href":"https:\/\/lespucesdestju.fr\/index.php?rest_route=%2Fwp%2Fv2%2Fcomments&post=2305"}],"wp:featuredmedia":[{"embeddable":true,"href":"https:\/\/lespucesdestju.fr\/index.php?rest_route=\/wp\/v2\/media\/2306"}],"wp:attachment":[{"href":"https:\/\/lespucesdestju.fr\/index.php?rest_route=%2Fwp%2Fv2%2Fmedia&parent=2305"}],"wp:term":[{"taxonomy":"product_brand","embeddable":true,"href":"https:\/\/lespucesdestju.fr\/index.php?rest_route=%2Fwp%2Fv2%2Fproduct_brand&post=2305"},{"taxonomy":"product_cat","embeddable":true,"href":"https:\/\/lespucesdestju.fr\/index.php?rest_route=%2Fwp%2Fv2%2Fproduct_cat&post=2305"},{"taxonomy":"product_tag","embeddable":true,"href":"https:\/\/lespucesdestju.fr\/index.php?rest_route=%2Fwp%2Fv2%2Fproduct_tag&post=2305"}],"curies":[{"name":"wp","href":"https:\/\/api.w.org\/{rel}","templated":true}]}}