{"id":2259,"date":"2022-12-03T15:31:28","date_gmt":"2022-12-03T14:31:28","guid":{"rendered":"https:\/\/lespucesdestju.fr\/?post_type=product&#038;p=2259"},"modified":"2024-07-18T12:30:17","modified_gmt":"2024-07-18T10:30:17","slug":"ancienne-lampe-a-souder","status":"publish","type":"product","link":"https:\/\/lespucesdestju.fr\/?product=ancienne-lampe-a-souder","title":{"rendered":"Ancienne lampe \u00e0 souder"},"content":{"rendered":"<p><span style=\"font-weight: 400;\">Ancienne lampe \u00e0 souder SIEVERT SWEDEN, \u00e0 combustible liquide ( \u00e0 l\u2019\u00e9poque p\u00e9trole, alcool..)<\/span><\/p>\n<p><span style=\"font-weight: 400;\">D\u00e9but 20i\u00e8me<\/span><\/p>\n","protected":false},"excerpt":{"rendered":"<p>Ancienne lampe \u00e0 souder SIEVERT SWEDEN, \u00e0 combustible liquide ( \u00e0 l\u2019\u00e9poque p\u00e9trole, alcool..) D\u00e9but 20i\u00e8me<\/p>\n","protected":false},"featured_media":2260,"comment_status":"open","ping_status":"closed","template":"","meta":[],"product_brand":[],"product_cat":[48,37],"product_tag":[63,156,62],"class_list":{"0":"post-2259","1":"product","2":"type-product","3":"status-publish","4":"has-post-thumbnail","6":"product_cat-curiosite","7":"product_cat-decoration","8":"product_tag-curiosite","9":"product_tag-lampe-a-souder","10":"product_tag-metal","12":"first","13":"instock","14":"shipping-taxable","15":"purchasable","16":"product-type-simple"},"aioseo_notices":[],"jetpack_sharing_enabled":true,"_links":{"self":[{"href":"https:\/\/lespucesdestju.fr\/index.php?rest_route=\/wp\/v2\/product\/2259","targetHints":{"allow":["GET"]}}],"collection":[{"href":"https:\/\/lespucesdestju.fr\/index.php?rest_route=\/wp\/v2\/product"}],"about":[{"href":"https:\/\/lespucesdestju.fr\/index.php?rest_route=\/wp\/v2\/types\/product"}],"replies":[{"embeddable":true,"href":"https:\/\/lespucesdestju.fr\/index.php?rest_route=%2Fwp%2Fv2%2Fcomments&post=2259"}],"wp:featuredmedia":[{"embeddable":true,"href":"https:\/\/lespucesdestju.fr\/index.php?rest_route=\/wp\/v2\/media\/2260"}],"wp:attachment":[{"href":"https:\/\/lespucesdestju.fr\/index.php?rest_route=%2Fwp%2Fv2%2Fmedia&parent=2259"}],"wp:term":[{"taxonomy":"product_brand","embeddable":true,"href":"https:\/\/lespucesdestju.fr\/index.php?rest_route=%2Fwp%2Fv2%2Fproduct_brand&post=2259"},{"taxonomy":"product_cat","embeddable":true,"href":"https:\/\/lespucesdestju.fr\/index.php?rest_route=%2Fwp%2Fv2%2Fproduct_cat&post=2259"},{"taxonomy":"product_tag","embeddable":true,"href":"https:\/\/lespucesdestju.fr\/index.php?rest_route=%2Fwp%2Fv2%2Fproduct_tag&post=2259"}],"curies":[{"name":"wp","href":"https:\/\/api.w.org\/{rel}","templated":true}]}}