{"id":2243,"date":"2022-12-03T15:12:56","date_gmt":"2022-12-03T14:12:56","guid":{"rendered":"https:\/\/lespucesdestju.fr\/?post_type=product&#038;p=2243"},"modified":"2024-07-18T12:30:52","modified_gmt":"2024-07-18T10:30:52","slug":"ancien-moule-a-sorbet-cake","status":"publish","type":"product","link":"https:\/\/lespucesdestju.fr\/?product=ancien-moule-a-sorbet-cake","title":{"rendered":"Ancien moule \u00e0 Sorbet \/ Cake"},"content":{"rendered":"<p><span style=\"font-weight: 400;\">Ancien moule de forme en t\u00f4le \u00e9tam\u00e9e avec couvercle. Empreinte de bouton de rose \u00e0 l\u2019extr\u00e9mit\u00e9. <\/span><\/p>\n<p><span style=\"font-weight: 400;\">Beau mod\u00e8le en l\u2019\u00e9tat. <\/span><\/p>\n<p><span style=\"font-weight: 400;\">Vers 1900.<\/span><\/p>\n","protected":false},"excerpt":{"rendered":"<p>Ancien moule de forme en t\u00f4le \u00e9tam\u00e9e avec couvercle. Empreinte de bouton de rose \u00e0 l\u2019extr\u00e9mit\u00e9. Beau mod\u00e8le en l\u2019\u00e9tat&#8230;.<\/p>\n","protected":false},"featured_media":2244,"comment_status":"open","ping_status":"closed","template":"","meta":[],"product_brand":[],"product_cat":[37,47],"product_tag":[63,62,152,153],"class_list":{"0":"post-2243","1":"product","2":"type-product","3":"status-publish","4":"has-post-thumbnail","6":"product_cat-decoration","7":"product_cat-objets-divers-et-bibelots","8":"product_tag-curiosite","9":"product_tag-metal","10":"product_tag-moule-a-sorbet","11":"product_tag-ustensile","13":"first","14":"instock","15":"shipping-taxable","16":"purchasable","17":"product-type-simple"},"aioseo_notices":[],"jetpack_sharing_enabled":true,"_links":{"self":[{"href":"https:\/\/lespucesdestju.fr\/index.php?rest_route=\/wp\/v2\/product\/2243","targetHints":{"allow":["GET"]}}],"collection":[{"href":"https:\/\/lespucesdestju.fr\/index.php?rest_route=\/wp\/v2\/product"}],"about":[{"href":"https:\/\/lespucesdestju.fr\/index.php?rest_route=\/wp\/v2\/types\/product"}],"replies":[{"embeddable":true,"href":"https:\/\/lespucesdestju.fr\/index.php?rest_route=%2Fwp%2Fv2%2Fcomments&post=2243"}],"wp:featuredmedia":[{"embeddable":true,"href":"https:\/\/lespucesdestju.fr\/index.php?rest_route=\/wp\/v2\/media\/2244"}],"wp:attachment":[{"href":"https:\/\/lespucesdestju.fr\/index.php?rest_route=%2Fwp%2Fv2%2Fmedia&parent=2243"}],"wp:term":[{"taxonomy":"product_brand","embeddable":true,"href":"https:\/\/lespucesdestju.fr\/index.php?rest_route=%2Fwp%2Fv2%2Fproduct_brand&post=2243"},{"taxonomy":"product_cat","embeddable":true,"href":"https:\/\/lespucesdestju.fr\/index.php?rest_route=%2Fwp%2Fv2%2Fproduct_cat&post=2243"},{"taxonomy":"product_tag","embeddable":true,"href":"https:\/\/lespucesdestju.fr\/index.php?rest_route=%2Fwp%2Fv2%2Fproduct_tag&post=2243"}],"curies":[{"name":"wp","href":"https:\/\/api.w.org\/{rel}","templated":true}]}}