{"id":2165,"date":"2022-11-17T16:25:49","date_gmt":"2022-11-17T15:25:49","guid":{"rendered":"https:\/\/lespucesdestju.fr\/?post_type=product&#038;p=2165"},"modified":"2024-07-18T13:37:03","modified_gmt":"2024-07-18T11:37:03","slug":"service-a-cafe","status":"publish","type":"product","link":"https:\/\/lespucesdestju.fr\/?product=service-a-cafe","title":{"rendered":"Service \u00e0 caf\u00e9"},"content":{"rendered":"<p>Partie de service \u00e0 caf\u00e9 en porcelaine.<\/p>\n<p>D\u00e9cor peint a la main<\/p>\n<p>D\u00e9but du 20i\u00e8me si\u00e8cle.<\/p>\n<p>10 tasse \/ 6 soucoupe<\/p>\n<p>Usures d&rsquo;usages<\/p>\n","protected":false},"excerpt":{"rendered":"<p>Partie de service \u00e0 caf\u00e9 en porcelaine. D\u00e9cor peint a la main D\u00e9but du 20i\u00e8me si\u00e8cle. 10 tasse \/ 6&#8230;<\/p>\n","protected":false},"featured_media":2166,"comment_status":"open","ping_status":"closed","template":"","meta":[],"product_brand":[],"product_cat":[15,295],"product_tag":[66,139,92,138],"class_list":{"0":"post-2165","1":"product","2":"type-product","3":"status-publish","4":"has-post-thumbnail","6":"product_cat-art-de-la-table","7":"product_cat-services","8":"product_tag-art-de-la-table","9":"product_tag-porcelaine","10":"product_tag-service","11":"product_tag-service-a-cafe","13":"first","14":"instock","15":"shipping-taxable","16":"purchasable","17":"product-type-simple"},"aioseo_notices":[],"jetpack_sharing_enabled":true,"_links":{"self":[{"href":"https:\/\/lespucesdestju.fr\/index.php?rest_route=\/wp\/v2\/product\/2165","targetHints":{"allow":["GET"]}}],"collection":[{"href":"https:\/\/lespucesdestju.fr\/index.php?rest_route=\/wp\/v2\/product"}],"about":[{"href":"https:\/\/lespucesdestju.fr\/index.php?rest_route=\/wp\/v2\/types\/product"}],"replies":[{"embeddable":true,"href":"https:\/\/lespucesdestju.fr\/index.php?rest_route=%2Fwp%2Fv2%2Fcomments&post=2165"}],"wp:featuredmedia":[{"embeddable":true,"href":"https:\/\/lespucesdestju.fr\/index.php?rest_route=\/wp\/v2\/media\/2166"}],"wp:attachment":[{"href":"https:\/\/lespucesdestju.fr\/index.php?rest_route=%2Fwp%2Fv2%2Fmedia&parent=2165"}],"wp:term":[{"taxonomy":"product_brand","embeddable":true,"href":"https:\/\/lespucesdestju.fr\/index.php?rest_route=%2Fwp%2Fv2%2Fproduct_brand&post=2165"},{"taxonomy":"product_cat","embeddable":true,"href":"https:\/\/lespucesdestju.fr\/index.php?rest_route=%2Fwp%2Fv2%2Fproduct_cat&post=2165"},{"taxonomy":"product_tag","embeddable":true,"href":"https:\/\/lespucesdestju.fr\/index.php?rest_route=%2Fwp%2Fv2%2Fproduct_tag&post=2165"}],"curies":[{"name":"wp","href":"https:\/\/api.w.org\/{rel}","templated":true}]}}