{"id":2160,"date":"2022-11-17T16:20:31","date_gmt":"2022-11-17T15:20:31","guid":{"rendered":"https:\/\/lespucesdestju.fr\/?post_type=product&#038;p=2160"},"modified":"2026-01-04T17:04:51","modified_gmt":"2026-01-04T16:04:51","slug":"pichet-en-gres","status":"publish","type":"product","link":"https:\/\/lespucesdestju.fr\/?product=pichet-en-gres","title":{"rendered":"Pichet en gr\u00e8s"},"content":{"rendered":"<p>Beau pichet en gr\u00e8s \u00e0 gla\u00e7ure brune.<\/p>\n<p>20i\u00e8me si\u00e8cle<\/p>\n<p>1 \u00e9clat \u00e0 la base.<\/p>\n<p>&nbsp;<\/p>\n","protected":false},"excerpt":{"rendered":"<p>Beau pichet en gr\u00e8s \u00e0 gla\u00e7ure brune. 20i\u00e8me si\u00e8cle 1 \u00e9clat \u00e0 la base. &nbsp;<\/p>\n","protected":false},"featured_media":2161,"comment_status":"open","ping_status":"closed","template":"","meta":[],"product_brand":[],"product_cat":[15,299],"product_tag":[66,133,95],"class_list":{"0":"post-2160","1":"product","2":"type-product","3":"status-publish","4":"has-post-thumbnail","6":"product_cat-art-de-la-table","7":"product_cat-pichets-et-carafes","8":"product_tag-art-de-la-table","9":"product_tag-gres","10":"product_tag-pichet","12":"first","13":"outofstock","14":"sale","15":"shipping-taxable","16":"purchasable","17":"product-type-simple"},"aioseo_notices":[],"jetpack_sharing_enabled":true,"_links":{"self":[{"href":"https:\/\/lespucesdestju.fr\/index.php?rest_route=\/wp\/v2\/product\/2160","targetHints":{"allow":["GET"]}}],"collection":[{"href":"https:\/\/lespucesdestju.fr\/index.php?rest_route=\/wp\/v2\/product"}],"about":[{"href":"https:\/\/lespucesdestju.fr\/index.php?rest_route=\/wp\/v2\/types\/product"}],"replies":[{"embeddable":true,"href":"https:\/\/lespucesdestju.fr\/index.php?rest_route=%2Fwp%2Fv2%2Fcomments&post=2160"}],"wp:featuredmedia":[{"embeddable":true,"href":"https:\/\/lespucesdestju.fr\/index.php?rest_route=\/wp\/v2\/media\/2161"}],"wp:attachment":[{"href":"https:\/\/lespucesdestju.fr\/index.php?rest_route=%2Fwp%2Fv2%2Fmedia&parent=2160"}],"wp:term":[{"taxonomy":"product_brand","embeddable":true,"href":"https:\/\/lespucesdestju.fr\/index.php?rest_route=%2Fwp%2Fv2%2Fproduct_brand&post=2160"},{"taxonomy":"product_cat","embeddable":true,"href":"https:\/\/lespucesdestju.fr\/index.php?rest_route=%2Fwp%2Fv2%2Fproduct_cat&post=2160"},{"taxonomy":"product_tag","embeddable":true,"href":"https:\/\/lespucesdestju.fr\/index.php?rest_route=%2Fwp%2Fv2%2Fproduct_tag&post=2160"}],"curies":[{"name":"wp","href":"https:\/\/api.w.org\/{rel}","templated":true}]}}