{"id":1998,"date":"2022-11-10T16:22:31","date_gmt":"2022-11-10T15:22:31","guid":{"rendered":"https:\/\/lespucesdestju.fr\/?post_type=product&#038;p=1998"},"modified":"2025-06-05T18:12:52","modified_gmt":"2025-06-05T16:12:52","slug":"lampe-champignon-en-bambou-et-rotin","status":"publish","type":"product","link":"https:\/\/lespucesdestju.fr\/?product=lampe-champignon-en-bambou-et-rotin","title":{"rendered":"Lampe champignon en bambou et rotin"},"content":{"rendered":"<p>Importante lampe champignon en bambou et rotin, sur une structure en m\u00e9tal nickel\u00e9.<\/p>\n<p>Abat-jour champignon en rotin.<\/p>\n<p>Ann\u00e9es 70\/80<\/p>\n","protected":false},"excerpt":{"rendered":"<p>Importante lampe champignon en bambou et rotin, sur une structure en m\u00e9tal nickel\u00e9. Abat-jour champignon en rotin. Ann\u00e9es 70\/80<\/p>\n","protected":false},"featured_media":1999,"comment_status":"open","ping_status":"closed","template":"","meta":[],"product_brand":[],"product_cat":[46],"product_tag":[76,131,62,132],"class_list":{"0":"post-1998","1":"product","2":"type-product","3":"status-publish","4":"has-post-thumbnail","6":"product_cat-luminaires-et-eclairages","7":"product_tag-lampe","8":"product_tag-luminaire","9":"product_tag-metal","10":"product_tag-rotin","12":"first","13":"instock","14":"shipping-taxable","15":"purchasable","16":"product-type-simple"},"aioseo_notices":[],"jetpack_sharing_enabled":true,"_links":{"self":[{"href":"https:\/\/lespucesdestju.fr\/index.php?rest_route=\/wp\/v2\/product\/1998","targetHints":{"allow":["GET"]}}],"collection":[{"href":"https:\/\/lespucesdestju.fr\/index.php?rest_route=\/wp\/v2\/product"}],"about":[{"href":"https:\/\/lespucesdestju.fr\/index.php?rest_route=\/wp\/v2\/types\/product"}],"replies":[{"embeddable":true,"href":"https:\/\/lespucesdestju.fr\/index.php?rest_route=%2Fwp%2Fv2%2Fcomments&post=1998"}],"wp:featuredmedia":[{"embeddable":true,"href":"https:\/\/lespucesdestju.fr\/index.php?rest_route=\/wp\/v2\/media\/1999"}],"wp:attachment":[{"href":"https:\/\/lespucesdestju.fr\/index.php?rest_route=%2Fwp%2Fv2%2Fmedia&parent=1998"}],"wp:term":[{"taxonomy":"product_brand","embeddable":true,"href":"https:\/\/lespucesdestju.fr\/index.php?rest_route=%2Fwp%2Fv2%2Fproduct_brand&post=1998"},{"taxonomy":"product_cat","embeddable":true,"href":"https:\/\/lespucesdestju.fr\/index.php?rest_route=%2Fwp%2Fv2%2Fproduct_cat&post=1998"},{"taxonomy":"product_tag","embeddable":true,"href":"https:\/\/lespucesdestju.fr\/index.php?rest_route=%2Fwp%2Fv2%2Fproduct_tag&post=1998"}],"curies":[{"name":"wp","href":"https:\/\/api.w.org\/{rel}","templated":true}]}}