{"id":1948,"date":"2022-11-04T17:32:38","date_gmt":"2022-11-04T16:32:38","guid":{"rendered":"https:\/\/lespucesdestju.fr\/?post_type=product&#038;p=1948"},"modified":"2024-07-18T12:31:54","modified_gmt":"2024-07-18T10:31:54","slug":"chapiteau-corinthien-en-chene-sculpte","status":"publish","type":"product","link":"https:\/\/lespucesdestju.fr\/?product=chapiteau-corinthien-en-chene-sculpte","title":{"rendered":"Chapiteau corinthien en ch\u00eane sculpt\u00e9"},"content":{"rendered":"<p>Chapiteau corinthien en ch\u00eane sculpt\u00e9 en quart.<\/p>\n<p>Venant probablement d&rsquo;une \u00e9bauche d&rsquo;atelier<\/p>\n<p>Manque de mati\u00e8re \u00e0 l&rsquo;angle<\/p>\n","protected":false},"excerpt":{"rendered":"<p>Chapiteau corinthien en ch\u00eane sculpt\u00e9 en quart. Venant probablement d&rsquo;une \u00e9bauche d&rsquo;atelier Manque de mati\u00e8re \u00e0 l&rsquo;angle<\/p>\n","protected":false},"featured_media":1949,"comment_status":"open","ping_status":"closed","template":"","meta":[],"product_brand":[],"product_cat":[48,37],"product_tag":[86,64],"class_list":{"0":"post-1948","1":"product","2":"type-product","3":"status-publish","4":"has-post-thumbnail","6":"product_cat-curiosite","7":"product_cat-decoration","8":"product_tag-bois","9":"product_tag-sculpture","11":"first","12":"instock","13":"shipping-taxable","14":"purchasable","15":"product-type-simple"},"aioseo_notices":[],"jetpack_sharing_enabled":true,"_links":{"self":[{"href":"https:\/\/lespucesdestju.fr\/index.php?rest_route=\/wp\/v2\/product\/1948","targetHints":{"allow":["GET"]}}],"collection":[{"href":"https:\/\/lespucesdestju.fr\/index.php?rest_route=\/wp\/v2\/product"}],"about":[{"href":"https:\/\/lespucesdestju.fr\/index.php?rest_route=\/wp\/v2\/types\/product"}],"replies":[{"embeddable":true,"href":"https:\/\/lespucesdestju.fr\/index.php?rest_route=%2Fwp%2Fv2%2Fcomments&post=1948"}],"wp:featuredmedia":[{"embeddable":true,"href":"https:\/\/lespucesdestju.fr\/index.php?rest_route=\/wp\/v2\/media\/1949"}],"wp:attachment":[{"href":"https:\/\/lespucesdestju.fr\/index.php?rest_route=%2Fwp%2Fv2%2Fmedia&parent=1948"}],"wp:term":[{"taxonomy":"product_brand","embeddable":true,"href":"https:\/\/lespucesdestju.fr\/index.php?rest_route=%2Fwp%2Fv2%2Fproduct_brand&post=1948"},{"taxonomy":"product_cat","embeddable":true,"href":"https:\/\/lespucesdestju.fr\/index.php?rest_route=%2Fwp%2Fv2%2Fproduct_cat&post=1948"},{"taxonomy":"product_tag","embeddable":true,"href":"https:\/\/lespucesdestju.fr\/index.php?rest_route=%2Fwp%2Fv2%2Fproduct_tag&post=1948"}],"curies":[{"name":"wp","href":"https:\/\/api.w.org\/{rel}","templated":true}]}}