{"id":1851,"date":"2022-11-01T10:55:32","date_gmt":"2022-11-01T09:55:32","guid":{"rendered":"https:\/\/lespucesdestju.fr\/?post_type=product&#038;p=1851"},"modified":"2024-07-18T13:40:09","modified_gmt":"2024-07-18T11:40:09","slug":"partie-de-service-a-epices-et-condiments","status":"publish","type":"product","link":"https:\/\/lespucesdestju.fr\/?product=partie-de-service-a-epices-et-condiments","title":{"rendered":"Partie de service \u00e0 \u00e9pices et condiments"},"content":{"rendered":"<p>Partie de service \u00e0 \u00e9pices et condiments.<\/p>\n<p>D\u00e9but 20i\u00e8me.<\/p>\n<p>La plus grosse pi\u00e8ce fait 16 cm de hauteur.<\/p>\n","protected":false},"excerpt":{"rendered":"<p>Partie de service \u00e0 \u00e9pices et condiments. D\u00e9but 20i\u00e8me. La plus grosse pi\u00e8ce fait 16 cm de hauteur.<\/p>\n","protected":false},"featured_media":1852,"comment_status":"open","ping_status":"closed","template":"","meta":[],"product_brand":[],"product_cat":[15,295],"product_tag":[92],"class_list":{"0":"post-1851","1":"product","2":"type-product","3":"status-publish","4":"has-post-thumbnail","6":"product_cat-art-de-la-table","7":"product_cat-services","8":"product_tag-service","10":"first","11":"instock","12":"sale","13":"shipping-taxable","14":"purchasable","15":"product-type-simple"},"aioseo_notices":[],"jetpack_sharing_enabled":true,"_links":{"self":[{"href":"https:\/\/lespucesdestju.fr\/index.php?rest_route=\/wp\/v2\/product\/1851","targetHints":{"allow":["GET"]}}],"collection":[{"href":"https:\/\/lespucesdestju.fr\/index.php?rest_route=\/wp\/v2\/product"}],"about":[{"href":"https:\/\/lespucesdestju.fr\/index.php?rest_route=\/wp\/v2\/types\/product"}],"replies":[{"embeddable":true,"href":"https:\/\/lespucesdestju.fr\/index.php?rest_route=%2Fwp%2Fv2%2Fcomments&post=1851"}],"wp:featuredmedia":[{"embeddable":true,"href":"https:\/\/lespucesdestju.fr\/index.php?rest_route=\/wp\/v2\/media\/1852"}],"wp:attachment":[{"href":"https:\/\/lespucesdestju.fr\/index.php?rest_route=%2Fwp%2Fv2%2Fmedia&parent=1851"}],"wp:term":[{"taxonomy":"product_brand","embeddable":true,"href":"https:\/\/lespucesdestju.fr\/index.php?rest_route=%2Fwp%2Fv2%2Fproduct_brand&post=1851"},{"taxonomy":"product_cat","embeddable":true,"href":"https:\/\/lespucesdestju.fr\/index.php?rest_route=%2Fwp%2Fv2%2Fproduct_cat&post=1851"},{"taxonomy":"product_tag","embeddable":true,"href":"https:\/\/lespucesdestju.fr\/index.php?rest_route=%2Fwp%2Fv2%2Fproduct_tag&post=1851"}],"curies":[{"name":"wp","href":"https:\/\/api.w.org\/{rel}","templated":true}]}}